{"id":27788,"date":"2025-08-17T08:36:38","date_gmt":"2025-08-17T08:36:38","guid":{"rendered":"https:\/\/dubaisetup.co\/?page_id=27788"},"modified":"2026-03-08T09:27:01","modified_gmt":"2026-03-08T09:27:01","slug":"protection-des-donnees","status":"publish","type":"page","link":"https:\/\/dubaisetup.co\/fr\/datenschutz","title":{"rendered":"Protection des donn\u00e9es"},"content":{"rendered":"<div data-elementor-type=\"wp-page\" data-elementor-id=\"27788\" class=\"elementor elementor-27788\" data-elementor-post-type=\"page\">\n\t\t\t\t<div class=\"elementor-element elementor-element-36fc65f e-flex e-con-boxed e-con e-parent\" data-id=\"36fc65f\" data-element_type=\"container\" data-e-type=\"container\" data-settings=\"{&quot;jet_parallax_layout_list&quot;:[]}\">\n\t\t\t\t\t<div class=\"e-con-inner\">\n\t\t\t\t<div class=\"elementor-element elementor-element-3038585 elementor-widget elementor-widget-text-editor\" data-id=\"3038585\" data-element_type=\"widget\" data-e-type=\"widget\" data-widget_type=\"text-editor.default\">\n\t\t\t\t\t\t\t\t\t<h1 data-start=\"383\" data-end=\"405\">D\u00e9claration de confidentialit\u00e9<\/h1><h2 data-start=\"407\" data-end=\"429\">1. responsable<\/h2><p data-start=\"431\" data-end=\"515\">Dubai Setup LLC<br data-start=\"446\" data-end=\"449\" \/>Central Park Towers Offices, #1644<br \/>DIFC, Duba\u00ef<br \/>\u00c9mirats arabes unis<\/p><p data-start=\"517\" data-end=\"588\">E-mail : office(@)dubaisetup.co<\/p><hr data-start=\"590\" data-end=\"593\" \/><h2 data-start=\"595\" data-end=\"620\">2. indications g\u00e9n\u00e9rales<\/h2><p data-start=\"622\" data-end=\"827\">Nous prenons la protection de vos donn\u00e9es personnelles tr\u00e8s au s\u00e9rieux. Les donn\u00e9es personnelles sont trait\u00e9es de mani\u00e8re confidentielle et conform\u00e9ment aux dispositions l\u00e9gales en mati\u00e8re de protection des donn\u00e9es ainsi qu'\u00e0 la pr\u00e9sente d\u00e9claration de protection des donn\u00e9es.<\/p><hr data-start=\"829\" data-end=\"832\" \/><h2 data-start=\"834\" data-end=\"888\">3. collecte et stockage des donn\u00e9es \u00e0 caract\u00e8re personnel<\/h2><h3 data-start=\"890\" data-end=\"922\">a) lors de la visite du site web<\/h3><p data-start=\"923\" data-end=\"1206\">Lorsque vous visitez notre site web, des informations sont automatiquement collect\u00e9es (par ex. adresse IP, type de navigateur, syst\u00e8me d'exploitation, date et heure d'acc\u00e8s). Ces donn\u00e9es sont techniquement n\u00e9cessaires pour vous permettre d'afficher correctement notre site web et d'en assurer la stabilit\u00e9 et la s\u00e9curit\u00e9.<\/p><h3 data-start=\"1208\" data-end=\"1236\">b) En cas de contact<\/h3><p data-start=\"1237\" data-end=\"1425\">Si vous nous envoyez des demandes par formulaire de contact, par e-mail ou par t\u00e9l\u00e9phone, nous traitons vos donn\u00e9es (nom, adresse e-mail, message) uniquement pour r\u00e9pondre \u00e0 votre demande.<\/p><hr data-start=\"1427\" data-end=\"1430\" \/><h2 data-start=\"1432\" data-end=\"1458\">4. transmission de donn\u00e9es<\/h2><p data-start=\"1460\" data-end=\"1532\">Vos donn\u00e9es personnelles ne sont transmises \u00e0 des tiers que si<\/p><ul data-start=\"1533\" data-end=\"1759\"><li data-start=\"1533\" data-end=\"1587\"><p data-start=\"1535\" data-end=\"1587\">vous avez donn\u00e9 votre consentement explicite<\/p><\/li><li data-start=\"1588\" data-end=\"1648\"><p data-start=\"1590\" data-end=\"1648\">le traitement est n\u00e9cessaire \u00e0 l'ex\u00e9cution du contrat<\/p><\/li><li data-start=\"1649\" data-end=\"1696\"><p data-start=\"1651\" data-end=\"1696\">il existe une obligation l\u00e9gale ou<\/p><\/li><li data-start=\"1697\" data-end=\"1759\"><p data-start=\"1699\" data-end=\"1759\">si cela est n\u00e9cessaire \u00e0 la sauvegarde d'int\u00e9r\u00eats l\u00e9gitimes.<\/p><\/li><\/ul><hr data-start=\"1761\" data-end=\"1764\" \/><h2 data-start=\"1766\" data-end=\"1779\">5. les cookies<\/h2><p data-start=\"1781\" data-end=\"2034\">Nous utilisons des cookies pour rendre notre site web plus convivial. Il s'agit de petits fichiers que votre navigateur enregistre. Certains cookies sont n\u00e9cessaires d'un point de vue technique, d'autres servent \u00e0 analyser le comportement des utilisateurs ou \u00e0 des fins de marketing.<\/p><p data-start=\"2036\" data-end=\"2122\">Vous pouvez \u00e0 tout moment supprimer ou bloquer les cookies via les param\u00e8tres de votre navigateur.<\/p><hr data-start=\"2124\" data-end=\"2127\" \/><h2 data-start=\"2129\" data-end=\"2162\">6. outils d'analyse et de suivi<\/h2><h3 data-start=\"2164\" data-end=\"2189\">a) Google Analytics<\/h3><p data-start=\"2190\" data-end=\"2428\">Ce site web utilise Google Analytics, un service d'analyse web de Google LLC (1600 Amphitheatre Parkway, Mountain View, CA 94043, USA). Google Analytics utilise des cookies qui permettent d'analyser l'utilisation que vous faites du site.<\/p><p data-start=\"2430\" data-end=\"2688\">Les informations g\u00e9n\u00e9r\u00e9es par le cookie sont g\u00e9n\u00e9ralement transmises \u00e0 un serveur de Google aux \u00c9tats-Unis et y sont stock\u00e9es. Nous avons utilis\u00e9 les <strong data-start=\"2580\" data-end=\"2601\">Anonymisation des IP<\/strong> est activ\u00e9, de sorte que votre adresse IP est raccourcie au sein de l'UE avant d'\u00eatre transmise.<\/p><p data-start=\"2690\" data-end=\"2847\">Base juridique : article 6, paragraphe 1, point a du RGPD (consentement)<br data-start=\"2748\" data-end=\"2751\" \/>Plus d'informations : <a class=\"cursor-pointer\" target=\"_new\" rel=\"noopener\" data-start=\"2771\" data-end=\"2845\">https:\/\/policies.google.com\/privacy<\/a><\/p><hr data-start=\"2849\" data-end=\"2852\" \/><h3 data-start=\"2854\" data-end=\"2877\">b) Pixel Facebook<\/h3><p data-start=\"2878\" data-end=\"3127\">Notre site web utilise le \"Facebook Pixel\" de Meta Platforms Ireland Ltd, 4 Grand Canal Square, Dublin 2, Irlande. Cela nous permet de suivre le comportement des visiteurs qui sont arriv\u00e9s sur notre site via une annonce publicitaire Facebook.<\/p><p data-start=\"3129\" data-end=\"3345\">Cela nous permet de mesurer et d'optimiser l'efficacit\u00e9 des publicit\u00e9s Facebook. Les donn\u00e9es collect\u00e9es sont anonymes pour nous, mais elles sont stock\u00e9es et trait\u00e9es par Facebook afin de diffuser des publicit\u00e9s cibl\u00e9es.<\/p><p data-start=\"3347\" data-end=\"3512\">Base juridique : article 6, paragraphe 1, point a du RGPD (consentement)<br data-start=\"3405\" data-end=\"3408\" \/>Plus d'informations : <a class=\"\" href=\"https:\/\/www.facebook.com\/about\/privacy\/\" target=\"_new\" rel=\"noopener\" data-start=\"3428\" data-end=\"3510\">https:\/\/www.facebook.com\/about\/privacy\/<\/a><\/p><hr data-start=\"3514\" data-end=\"3517\" \/><h3 data-start=\"3519\" data-end=\"3548\">c) Tag LinkedIn Insight<\/h3><p data-start=\"3549\" data-end=\"3808\">Notre site web utilise le \"LinkedIn Insight Tag\" de LinkedIn Ireland Unlimited Company, Wilton Plaza, Wilton Place, Dublin 2, Irlande. Cet outil nous permet d'obtenir des statistiques sur les visiteurs du site web et d'optimiser nos publicit\u00e9s LinkedIn.<\/p><p data-start=\"3810\" data-end=\"3897\">Ici aussi, des donn\u00e9es telles que l'adresse IP, les informations sur l'appareil et les pages consult\u00e9es sont collect\u00e9es.<\/p><p data-start=\"3899\" data-end=\"4076\">Base juridique : article 6, paragraphe 1, point a du RGPD (consentement)<br data-start=\"3957\" data-end=\"3960\" \/>Plus d'informations : <a class=\"\" href=\"https:\/\/www.linkedin.com\/legal\/privacy-policy\" target=\"_new\" rel=\"noopener\" data-start=\"3980\" data-end=\"4074\">https:\/\/www.linkedin.com\/legal\/privacy-policy<\/a><\/p><hr data-start=\"4078\" data-end=\"4081\" \/><h3 data-start=\"4083\" data-end=\"4115\">d) Newsletter via Encharge<\/h3><p data-start=\"4116\" data-end=\"4369\">Pour l'envoi de notre newsletter, nous utilisons le fournisseur <strong data-start=\"4176\" data-end=\"4188\">Encharge<\/strong> (Encharge.io, 69 Vitosha Blvd, Sofia, Bulgarie). Les donn\u00e9es que vous saisissez pour la newsletter (par ex. nom, adresse e-mail) sont enregistr\u00e9es sur les serveurs d'Encharge.<\/p><p data-start=\"4371\" data-end=\"4574\">Encharge utilise ces informations pour l'envoi et l'analyse de la newsletter. Gr\u00e2ce \u00e0 Encharge, nous pouvons savoir si un e-mail de newsletter a \u00e9t\u00e9 ouvert et quels liens ont \u00e9t\u00e9 cliqu\u00e9s.<\/p><p data-start=\"4576\" data-end=\"4733\">Base juridique : article 6, paragraphe 1, point a du RGPD (consentement)<br data-start=\"4634\" data-end=\"4637\" \/>Plus d'informations : <a class=\"cursor-pointer\" target=\"_new\" rel=\"noopener\" data-start=\"4657\" data-end=\"4731\">https:\/\/encharge.io\/privacy-policy\/<\/a><\/p><p data-start=\"4735\" data-end=\"4849\">Vous pouvez \u00e0 tout moment retirer votre consentement \u00e0 la r\u00e9ception de la newsletter en cliquant sur le lien de d\u00e9sinscription dans l'e-mail.<\/p><hr data-start=\"4851\" data-end=\"4854\" \/><h2 data-start=\"4856\" data-end=\"4893\">7) Droits des personnes concern\u00e9es<\/h2><p data-start=\"4895\" data-end=\"4917\">Vous avez le droit<\/p><ul data-start=\"4919\" data-end=\"5241\"><li data-start=\"4919\" data-end=\"4951\"><p data-start=\"4921\" data-end=\"4951\">d'acc\u00e8s (art. 15 RGPD)<\/p><\/li><li data-start=\"4952\" data-end=\"4988\"><p data-start=\"4954\" data-end=\"4988\">de rectification (article 16 du RGPD)<\/p><\/li><li data-start=\"4989\" data-end=\"5021\"><p data-start=\"4991\" data-end=\"5021\">\u00e0 l'effacement (art. 17 RGPD)<\/p><\/li><li data-start=\"5022\" data-end=\"5076\"><p data-start=\"5024\" data-end=\"5076\">la limitation du traitement (article 18 du RGPD)<\/p><\/li><li data-start=\"5077\" data-end=\"5121\"><p data-start=\"5079\" data-end=\"5121\">\u00e0 la portabilit\u00e9 des donn\u00e9es (art. 20 RGPD)<\/p><\/li><li data-start=\"5122\" data-end=\"5179\"><p data-start=\"5124\" data-end=\"5179\">sur la r\u00e9vocation de votre consentement (article 7, paragraphe 3, du RGPD)<\/p><\/li><li data-start=\"5180\" data-end=\"5241\"><p data-start=\"5182\" data-end=\"5241\">d'introduire une r\u00e9clamation aupr\u00e8s d'une autorit\u00e9 de contr\u00f4le (article 77 du RGPD)<\/p><\/li><\/ul><hr data-start=\"5243\" data-end=\"5246\" \/><h2 data-start=\"5248\" data-end=\"5269\">8. s\u00e9curit\u00e9 des donn\u00e9es<\/h2><p data-start=\"5271\" data-end=\"5441\">Nous utilisons le cryptage SSL et des mesures techniques et organisationnelles appropri\u00e9es pour prot\u00e9ger vos donn\u00e9es contre la perte, l'abus et l'acc\u00e8s non autoris\u00e9.<\/p><hr data-start=\"5443\" data-end=\"5446\" \/><h2 data-start=\"5448\" data-end=\"5505\">9) Actualit\u00e9 et modification de la pr\u00e9sente d\u00e9claration de confidentialit\u00e9<\/h2><p data-start=\"5507\" data-end=\"5710\">La pr\u00e9sente d\u00e9claration de protection des donn\u00e9es est actuellement en vigueur et a la teneur suivante <strong data-start=\"5571\" data-end=\"5590\">17 ao\u00fbt 2025<\/strong>. Nous nous r\u00e9servons le droit d'adapter la d\u00e9claration de protection des donn\u00e9es en cas de modification de notre site web ou de prescriptions l\u00e9gales.<\/p>\t\t\t\t\t\t\t\t<\/div>\n\t\t\t\t\t<\/div>\n\t\t\t\t<\/div>\n\t\t\t\t<\/div>","protected":false},"excerpt":{"rendered":"<p>Datenschutzerkl\u00e4rung 1. Verantwortlicher Dubai Setup LLCCentral Park Towers Offices, #1644DIFC, DubaiVereinigte Arabische Emirate E-Mail: office(@)dubaisetup.co 2. Allgemeine Hinweise Wir nehmen den Schutz Ihrer pers\u00f6nlichen Daten sehr ernst. Personenbezogene Daten werden vertraulich und entsprechend der gesetzlichen Datenschutzvorschriften sowie dieser Datenschutzerkl\u00e4rung behandelt. 3. Erhebung und Speicherung personenbezogener Daten a) Beim Besuch der Website Beim Besuch unserer Website [&hellip;]<\/p>\n","protected":false},"author":1,"featured_media":0,"parent":0,"menu_order":0,"comment_status":"closed","ping_status":"closed","template":"elementor_header_footer","meta":{"_acf_changed":false,"_seopress_robots_primary_cat":"","_seopress_titles_title":"Datenschutz & DSGVO","_seopress_titles_desc":"Alles \u00fcber die Verarbeitung der Daten und die Datenschutzgrundverordnung.","_seopress_robots_index":"yes","footnotes":""},"class_list":["post-27788","page","type-page","status-publish","hentry"],"acf":[],"_links":{"self":[{"href":"https:\/\/dubaisetup.co\/fr\/wp-json\/wp\/v2\/pages\/27788","targetHints":{"allow":["GET"]}}],"collection":[{"href":"https:\/\/dubaisetup.co\/fr\/wp-json\/wp\/v2\/pages"}],"about":[{"href":"https:\/\/dubaisetup.co\/fr\/wp-json\/wp\/v2\/types\/page"}],"author":[{"embeddable":true,"href":"https:\/\/dubaisetup.co\/fr\/wp-json\/wp\/v2\/users\/1"}],"replies":[{"embeddable":true,"href":"https:\/\/dubaisetup.co\/fr\/wp-json\/wp\/v2\/comments?post=27788"}],"version-history":[{"count":8,"href":"https:\/\/dubaisetup.co\/fr\/wp-json\/wp\/v2\/pages\/27788\/revisions"}],"predecessor-version":[{"id":33589,"href":"https:\/\/dubaisetup.co\/fr\/wp-json\/wp\/v2\/pages\/27788\/revisions\/33589"}],"wp:attachment":[{"href":"https:\/\/dubaisetup.co\/fr\/wp-json\/wp\/v2\/media?parent=27788"}],"curies":[{"name":"wp","href":"https:\/\/api.w.org\/{rel}","templated":true}]}}