{"id":23610,"date":"2025-07-18T12:13:30","date_gmt":"2025-07-18T12:13:30","guid":{"rendered":"https:\/\/dubaisetup.co\/?page_id=23610"},"modified":"2025-07-20T17:58:50","modified_gmt":"2025-07-20T17:58:50","slug":"prestations","status":"publish","type":"page","link":"https:\/\/dubaisetup.co\/fr\/leistungen","title":{"rendered":"Prestations"},"content":{"rendered":"<div data-elementor-type=\"wp-page\" data-elementor-id=\"23610\" class=\"elementor elementor-23610\" data-elementor-post-type=\"page\">\n\t\t\t\t<div class=\"elementor-element elementor-element-3edf2883 e-flex e-con-boxed e-con e-parent\" data-id=\"3edf2883\" data-element_type=\"container\" data-e-type=\"container\" data-settings=\"{&quot;background_background&quot;:&quot;classic&quot;,&quot;jet_parallax_layout_list&quot;:[]}\">\n\t\t\t\t\t<div class=\"e-con-inner\">\n\t\t\t\t<div class=\"elementor-element elementor-element-2f6044b elementor-widget elementor-widget-heading\" data-id=\"2f6044b\" data-element_type=\"widget\" data-e-type=\"widget\" data-widget_type=\"heading.default\">\n\t\t\t\t\t<h2 class=\"elementor-heading-title elementor-size-default\">Prestations<\/h2>\t\t\t\t<\/div>\n\t\t\t\t\t<\/div>\n\t\t\t\t<\/div>\n\t\t<div class=\"elementor-element elementor-element-fc48b53 e-flex e-con-boxed e-con e-parent\" data-id=\"fc48b53\" data-element_type=\"container\" data-e-type=\"container\" data-settings=\"{&quot;jet_parallax_layout_list&quot;:[]}\">\n\t\t\t\t\t<div class=\"e-con-inner\">\n\t\t\t\t<div class=\"elementor-element elementor-element-c8e35c7 elementor-widget elementor-widget-template\" data-id=\"c8e35c7\" data-element_type=\"widget\" data-e-type=\"widget\" data-widget_type=\"template.default\">\n\t\t\t\t<div class=\"elementor-widget-container\">\n\t\t\t\t\t\t\t<div class=\"elementor-template\">\n\t\t\t\t\t<div data-elementor-type=\"container\" data-elementor-id=\"24947\" class=\"elementor elementor-24947\" data-elementor-post-type=\"elementor_library\">\n\t\t\t\t<div class=\"elementor-element elementor-element-1b11700 e-flex e-con-boxed e-con e-parent\" data-id=\"1b11700\" data-element_type=\"container\" data-e-type=\"container\" data-settings=\"{&quot;background_background&quot;:&quot;classic&quot;,&quot;jet_parallax_layout_list&quot;:[]}\">\n\t\t\t\t\t<div class=\"e-con-inner\">\n\t\t<div class=\"elementor-element elementor-element-c353f16 e-con-full e-flex e-con e-child\" data-id=\"c353f16\" data-element_type=\"container\" data-e-type=\"container\" data-settings=\"{&quot;jet_parallax_layout_list&quot;:[]}\">\n\t\t<div class=\"elementor-element elementor-element-6c9b156 e-flex e-con-boxed e-con e-child\" data-id=\"6c9b156\" data-element_type=\"container\" data-e-type=\"container\" data-settings=\"{&quot;jet_parallax_layout_list&quot;:[]}\">\n\t\t\t\t\t<div class=\"e-con-inner\">\n\t\t<div class=\"elementor-element elementor-element-b01d723 e-con-full e-flex e-con e-child\" data-id=\"b01d723\" data-element_type=\"container\" data-e-type=\"container\" data-settings=\"{&quot;jet_parallax_layout_list&quot;:[]}\">\n\t\t\t\t<div class=\"elementor-element elementor-element-ad9350e elementor-widget elementor-widget-heading\" data-id=\"ad9350e\" data-element_type=\"widget\" data-e-type=\"widget\" data-widget_type=\"heading.default\">\n\t\t\t\t\t<div class=\"elementor-heading-title elementor-size-default\">En quoi pouvons-nous vous aider ?<\/div>\t\t\t\t<\/div>\n\t\t\t\t<div class=\"elementor-element elementor-element-391e524 animated-slow elementor-invisible elementor-widget elementor-widget-heading\" data-id=\"391e524\" data-element_type=\"widget\" data-e-type=\"widget\" data-settings=\"{&quot;_animation&quot;:&quot;fadeIn&quot;}\" data-widget_type=\"heading.default\">\n\t\t\t\t\t<h2 class=\"elementor-heading-title elementor-size-default\">Prestations<\/h2>\t\t\t\t<\/div>\n\t\t\t\t<div class=\"elementor-element elementor-element-6d2fddf elementor-widget elementor-widget-heading\" data-id=\"6d2fddf\" data-element_type=\"widget\" data-e-type=\"widget\" data-widget_type=\"heading.default\">\n\t\t\t\t\t<h2 class=\"elementor-heading-title elementor-size-default\">Nos services\n<\/h2>\t\t\t\t<\/div>\n\t\t\t\t<\/div>\n\t\t<div class=\"elementor-element elementor-element-dc5bdb1 e-con-full e-flex e-con e-child\" data-id=\"dc5bdb1\" data-element_type=\"container\" data-e-type=\"container\" data-settings=\"{&quot;jet_parallax_layout_list&quot;:[]}\">\n\t\t\t\t<div class=\"elementor-element elementor-element-3eed951 elementor-widget elementor-widget-text-editor\" data-id=\"3eed951\" data-element_type=\"widget\" data-e-type=\"widget\" data-widget_type=\"text-editor.default\">\n\t\t\t\t\t\t\t\t\t<p>Nous proposons des services complets aux EAU. De la cr\u00e9ation d'entreprise \u00e0 l'ouverture d'un compte bancaire en passant par le VISA et l'immobilier.<\/p>\t\t\t\t\t\t\t\t<\/div>\n\t\t\t\t<\/div>\n\t\t\t\t\t<\/div>\n\t\t\t\t<\/div>\n\t\t<div class=\"elementor-element elementor-element-9ac96ef animated-fast e-con-full e-flex elementor-invisible e-con e-child\" data-id=\"9ac96ef\" data-element_type=\"container\" data-e-type=\"container\" data-settings=\"{&quot;animation&quot;:&quot;slideInUp&quot;,&quot;animation_delay&quot;:40,&quot;jet_parallax_layout_list&quot;:[]}\">\n\t\t<div class=\"elementor-element elementor-element-aedda81 e-flex e-con-boxed e-con e-child\" data-id=\"aedda81\" data-element_type=\"container\" data-e-type=\"container\" data-settings=\"{&quot;jet_parallax_layout_list&quot;:[]}\">\n\t\t\t\t\t<div class=\"e-con-inner\">\n\t\t\t\t<div class=\"elementor-element elementor-element-7f26489 elementor-position-left elementor-vertical-align-top elementor-widget elementor-widget-image-box\" data-id=\"7f26489\" data-element_type=\"widget\" data-e-type=\"widget\" data-widget_type=\"image-box.default\">\n\t\t\t\t\t<div class=\"elementor-image-box-wrapper\"><figure class=\"elementor-image-box-img\"><img decoding=\"async\" src=\"https:\/\/dubaisetup.co\/wp-content\/uploads\/2025\/09\/office-icon.svg\" title=\"office icon\" alt=\"office icon\" loading=\"lazy\" \/><\/figure><div class=\"elementor-image-box-content\"><h3 class=\"elementor-image-box-title\">Cr\u00e9ation d'entreprise<\/h3><p class=\"elementor-image-box-description\">Conseil, cr\u00e9ation et suivi de votre entreprise \u00e0 Duba\u00ef (Mainland et Freezone). <\/p><\/div><\/div>\t\t\t\t<\/div>\n\t\t\t\t\t<\/div>\n\t\t\t\t<\/div>\n\t\t<div class=\"elementor-element elementor-element-95350c8 e-flex e-con-boxed e-con e-child\" data-id=\"95350c8\" data-element_type=\"container\" data-e-type=\"container\" data-settings=\"{&quot;jet_parallax_layout_list&quot;:[]}\">\n\t\t\t\t\t<div class=\"e-con-inner\">\n\t\t\t\t<div class=\"elementor-element elementor-element-83f8ccd elementor-position-left elementor-vertical-align-top elementor-widget elementor-widget-image-box\" data-id=\"83f8ccd\" data-element_type=\"widget\" data-e-type=\"widget\" data-widget_type=\"image-box.default\">\n\t\t\t\t\t<div class=\"elementor-image-box-wrapper\"><figure class=\"elementor-image-box-img\"><img decoding=\"async\" src=\"https:\/\/dubaisetup.co\/wp-content\/uploads\/2025\/09\/bank-icon.svg\" title=\"ic\u00f4ne de la banque\" alt=\"ic\u00f4ne de la banque\" loading=\"lazy\" \/><\/figure><div class=\"elementor-image-box-content\"><h3 class=\"elementor-image-box-title\">Ouverture de compte<\/h3><p class=\"elementor-image-box-description\">Ouverture de comptes priv\u00e9s et professionnels dans des banques locales \u00e0 Duba\u00ef. <\/p><\/div><\/div>\t\t\t\t<\/div>\n\t\t\t\t\t<\/div>\n\t\t\t\t<\/div>\n\t\t\t\t<\/div>\n\t\t<div class=\"elementor-element elementor-element-5b8f2c9 animated-fast e-con-full e-flex elementor-invisible e-con e-child\" data-id=\"5b8f2c9\" data-element_type=\"container\" data-e-type=\"container\" data-settings=\"{&quot;animation&quot;:&quot;slideInUp&quot;,&quot;animation_delay&quot;:40,&quot;jet_parallax_layout_list&quot;:[]}\">\n\t\t<div class=\"elementor-element elementor-element-9e0aea8 e-flex e-con-boxed e-con e-child\" data-id=\"9e0aea8\" data-element_type=\"container\" data-e-type=\"container\" data-settings=\"{&quot;jet_parallax_layout_list&quot;:[]}\">\n\t\t\t\t\t<div class=\"e-con-inner\">\n\t\t\t\t<div class=\"elementor-element elementor-element-c609040 elementor-position-left elementor-vertical-align-top elementor-widget elementor-widget-image-box\" data-id=\"c609040\" data-element_type=\"widget\" data-e-type=\"widget\" data-widget_type=\"image-box.default\">\n\t\t\t\t\t<div class=\"elementor-image-box-wrapper\"><figure class=\"elementor-image-box-img\"><img decoding=\"async\" src=\"https:\/\/dubaisetup.co\/wp-content\/uploads\/2025\/09\/house-icon.svg\" title=\"house icon\" alt=\"house icon\" loading=\"lazy\" \/><\/figure><div class=\"elementor-image-box-content\"><h3 class=\"elementor-image-box-title\">Immobilier<\/h3><p class=\"elementor-image-box-description\">Nous trouverons pour vous le bien immobilier qui vous convient, que ce soit pour y vivre ou pour y faire un investissement rentable. <\/p><\/div><\/div>\t\t\t\t<\/div>\n\t\t\t\t\t<\/div>\n\t\t\t\t<\/div>\n\t\t<div class=\"elementor-element elementor-element-69693de e-flex e-con-boxed e-con e-child\" data-id=\"69693de\" data-element_type=\"container\" data-e-type=\"container\" data-settings=\"{&quot;jet_parallax_layout_list&quot;:[]}\">\n\t\t\t\t\t<div class=\"e-con-inner\">\n\t\t\t\t<div class=\"elementor-element elementor-element-6f5cd49 elementor-position-left elementor-vertical-align-top elementor-widget elementor-widget-image-box\" data-id=\"6f5cd49\" data-element_type=\"widget\" data-e-type=\"widget\" data-widget_type=\"image-box.default\">\n\t\t\t\t\t<div class=\"elementor-image-box-wrapper\"><figure class=\"elementor-image-box-img\"><img decoding=\"async\" src=\"https:\/\/dubaisetup.co\/wp-content\/uploads\/2025\/09\/health-icon.svg\" title=\"ic\u00f4ne de sant\u00e9\" alt=\"ic\u00f4ne de sant\u00e9\" loading=\"lazy\" \/><\/figure><div class=\"elementor-image-box-content\"><h3 class=\"elementor-image-box-title\">Assurances<\/h3><p class=\"elementor-image-box-description\">Profitez de l'excellent syst\u00e8me de sant\u00e9 de Duba\u00ef avec une assurance adapt\u00e9e \u00e0 vos besoins et \u00e0 ceux de votre famille. <\/p><\/div><\/div>\t\t\t\t<\/div>\n\t\t\t\t\t<\/div>\n\t\t\t\t<\/div>\n\t\t\t\t<\/div>\n\t\t<div class=\"elementor-element elementor-element-bf752f7 animated-fast e-con-full e-flex elementor-invisible e-con e-child\" data-id=\"bf752f7\" data-element_type=\"container\" data-e-type=\"container\" data-settings=\"{&quot;animation&quot;:&quot;slideInUp&quot;,&quot;animation_delay&quot;:40,&quot;jet_parallax_layout_list&quot;:[]}\">\n\t\t<div class=\"elementor-element elementor-element-f1bb1e4 e-flex e-con-boxed e-con e-child\" data-id=\"f1bb1e4\" data-element_type=\"container\" data-e-type=\"container\" data-settings=\"{&quot;jet_parallax_layout_list&quot;:[]}\">\n\t\t\t\t\t<div class=\"e-con-inner\">\n\t\t\t\t<div class=\"elementor-element elementor-element-884ba78 elementor-position-left elementor-vertical-align-top elementor-widget elementor-widget-image-box\" data-id=\"884ba78\" data-element_type=\"widget\" data-e-type=\"widget\" data-widget_type=\"image-box.default\">\n\t\t\t\t\t<div class=\"elementor-image-box-wrapper\"><figure class=\"elementor-image-box-img\"><img decoding=\"async\" src=\"https:\/\/dubaisetup.co\/wp-content\/uploads\/2025\/09\/ID-icon.svg\" title=\"ID icon\" alt=\"ID icon\" loading=\"lazy\" \/><\/figure><div class=\"elementor-image-box-content\"><h3 class=\"elementor-image-box-title\">VISA<\/h3><p class=\"elementor-image-box-description\">Nous proposons un service VISA complet. A commencer par le contr\u00f4le m\u00e9dical, la biom\u00e9trie et l'Emirates ID.<\/p><\/div><\/div>\t\t\t\t<\/div>\n\t\t\t\t\t<\/div>\n\t\t\t\t<\/div>\n\t\t<div class=\"elementor-element elementor-element-3fc9088 e-con-full e-flex e-con e-child\" data-id=\"3fc9088\" data-element_type=\"container\" data-e-type=\"container\" data-settings=\"{&quot;jet_parallax_layout_list&quot;:[]}\">\n\t\t\t\t<div class=\"elementor-element elementor-element-9955da5 elementor-position-left elementor-vertical-align-top elementor-widget elementor-widget-image-box\" data-id=\"9955da5\" data-element_type=\"widget\" data-e-type=\"widget\" data-widget_type=\"image-box.default\">\n\t\t\t\t\t<div class=\"elementor-image-box-wrapper\"><figure class=\"elementor-image-box-img\"><img decoding=\"async\" src=\"https:\/\/dubaisetup.co\/wp-content\/uploads\/2025\/09\/law-icon.svg\" title=\"ic\u00f4ne de la loi\" alt=\"ic\u00f4ne de la loi\" loading=\"lazy\" \/><\/figure><div class=\"elementor-image-box-content\"><h3 class=\"elementor-image-box-title\">Fiscalit\u00e9, droit et comptabilit\u00e9<\/h3><p class=\"elementor-image-box-description\">Nos partenaires locaux en mati\u00e8re d'avocats, de conseillers fiscaux et de comptables garantissent la conformit\u00e9 juridique. <\/p><\/div><\/div>\t\t\t\t<\/div>\n\t\t\t\t<\/div>\n\t\t\t\t<\/div>\n\t\t\t\t<\/div>\n\t\t\t\t\t<\/div>\n\t\t\t\t<\/div>\n\t\t\t\t<\/div>\n\t\t\t\t<\/div>\n\t\t\t\t\t\t<\/div>\n\t\t\t\t<\/div>\n\t\t\t\t\t<\/div>\n\t\t\t\t<\/div>\n\t\t\t\t<\/div>","protected":false},"excerpt":{"rendered":"<p>Prestations<\/p>","protected":false},"author":1,"featured_media":0,"parent":0,"menu_order":0,"comment_status":"closed","ping_status":"closed","template":"elementor_header_footer","meta":{"_acf_changed":false,"_seopress_robots_primary_cat":"","_seopress_titles_title":"Alle Leistungen von Dubai Setup im \u00dcberblick","_seopress_titles_desc":"Wir bieten vollumf\u00e4nglichen Service, wenn es um die Auswanderung und Expansion nach Dubai bzw. die VAE geht.","_seopress_robots_index":"","footnotes":""},"class_list":["post-23610","page","type-page","status-publish","hentry"],"acf":[],"_links":{"self":[{"href":"https:\/\/dubaisetup.co\/fr\/wp-json\/wp\/v2\/pages\/23610","targetHints":{"allow":["GET"]}}],"collection":[{"href":"https:\/\/dubaisetup.co\/fr\/wp-json\/wp\/v2\/pages"}],"about":[{"href":"https:\/\/dubaisetup.co\/fr\/wp-json\/wp\/v2\/types\/page"}],"author":[{"embeddable":true,"href":"https:\/\/dubaisetup.co\/fr\/wp-json\/wp\/v2\/users\/1"}],"replies":[{"embeddable":true,"href":"https:\/\/dubaisetup.co\/fr\/wp-json\/wp\/v2\/comments?post=23610"}],"version-history":[{"count":8,"href":"https:\/\/dubaisetup.co\/fr\/wp-json\/wp\/v2\/pages\/23610\/revisions"}],"predecessor-version":[{"id":24952,"href":"https:\/\/dubaisetup.co\/fr\/wp-json\/wp\/v2\/pages\/23610\/revisions\/24952"}],"wp:attachment":[{"href":"https:\/\/dubaisetup.co\/fr\/wp-json\/wp\/v2\/media?parent=23610"}],"curies":[{"name":"wp","href":"https:\/\/api.w.org\/{rel}","templated":true}]}}