{"id":27788,"date":"2025-08-17T08:36:38","date_gmt":"2025-08-17T08:36:38","guid":{"rendered":"https:\/\/dubaisetup.co\/?page_id=27788"},"modified":"2026-03-08T09:27:01","modified_gmt":"2026-03-08T09:27:01","slug":"proteccion-de-datos","status":"publish","type":"page","link":"https:\/\/dubaisetup.co\/es\/datenschutz","title":{"rendered":"Protecci\u00f3n de datos"},"content":{"rendered":"<div data-elementor-type=\"wp-page\" data-elementor-id=\"27788\" class=\"elementor elementor-27788\" data-elementor-post-type=\"page\">\n\t\t\t\t<div class=\"elementor-element elementor-element-36fc65f e-flex e-con-boxed e-con e-parent\" data-id=\"36fc65f\" data-element_type=\"container\" data-e-type=\"container\" data-settings=\"{&quot;jet_parallax_layout_list&quot;:[]}\">\n\t\t\t\t\t<div class=\"e-con-inner\">\n\t\t\t\t<div class=\"elementor-element elementor-element-3038585 elementor-widget elementor-widget-text-editor\" data-id=\"3038585\" data-element_type=\"widget\" data-e-type=\"widget\" data-widget_type=\"text-editor.default\">\n\t\t\t\t\t\t\t\t\t<h1 data-start=\"383\" data-end=\"405\">Pol\u00edtica de privacidad<\/h1><h2 data-start=\"407\" data-end=\"429\">1. persona responsable<\/h2><p data-start=\"431\" data-end=\"515\">Dubai Setup LLC<br data-start=\"446\" data-end=\"449\" \/>Oficinas de Central Park Towers, #1644<br \/>DIFC, Dubai<br \/>Emiratos \u00c1rabes Unidos<\/p><p data-start=\"517\" data-end=\"588\">Correo electr\u00f3nico: office(@)dubaisetup.co<\/p><hr data-start=\"590\" data-end=\"593\" \/><h2 data-start=\"595\" data-end=\"620\">2. informaci\u00f3n general<\/h2><p data-start=\"622\" data-end=\"827\">Nos tomamos muy en serio la protecci\u00f3n de sus datos personales. Los datos personales se tratan de forma confidencial y de acuerdo con la normativa legal de protecci\u00f3n de datos y la presente pol\u00edtica de privacidad.<\/p><hr data-start=\"829\" data-end=\"832\" \/><h2 data-start=\"834\" data-end=\"888\">3. recogida y almacenamiento de datos personales<\/h2><h3 data-start=\"890\" data-end=\"922\">a) Al visitar el sitio web<\/h3><p data-start=\"923\" data-end=\"1206\">Cuando visita nuestro sitio web, se recopila autom\u00e1ticamente informaci\u00f3n (por ejemplo, direcci\u00f3n IP, tipo de navegador, sistema operativo, fecha y hora de acceso). Estos datos son t\u00e9cnicamente necesarios para mostrar correctamente nuestro sitio web y para garantizar la estabilidad y la seguridad.<\/p><h3 data-start=\"1208\" data-end=\"1236\">b) Al establecer contacto<\/h3><p data-start=\"1237\" data-end=\"1425\">Si nos env\u00eda consultas por formulario de contacto, correo electr\u00f3nico o tel\u00e9fono, procesamos sus datos (nombre, direcci\u00f3n de correo electr\u00f3nico, mensaje) exclusivamente con el fin de procesar su consulta.<\/p><hr data-start=\"1427\" data-end=\"1430\" \/><h2 data-start=\"1432\" data-end=\"1458\">4. divulgaci\u00f3n de datos<\/h2><p data-start=\"1460\" data-end=\"1532\">Sus datos personales s\u00f3lo se transferir\u00e1n a terceros si<\/p><ul data-start=\"1533\" data-end=\"1759\"><li data-start=\"1533\" data-end=\"1587\"><p data-start=\"1535\" data-end=\"1587\">usted ha dado su consentimiento expreso,<\/p><\/li><li data-start=\"1588\" data-end=\"1648\"><p data-start=\"1590\" data-end=\"1648\">el tratamiento es necesario para el cumplimiento del contrato,<\/p><\/li><li data-start=\"1649\" data-end=\"1696\"><p data-start=\"1651\" data-end=\"1696\">existe una obligaci\u00f3n legal o<\/p><\/li><li data-start=\"1697\" data-end=\"1759\"><p data-start=\"1699\" data-end=\"1759\">es necesario para salvaguardar intereses leg\u00edtimos.<\/p><\/li><\/ul><hr data-start=\"1761\" data-end=\"1764\" \/><h2 data-start=\"1766\" data-end=\"1779\">5. galletas<\/h2><p data-start=\"1781\" data-end=\"2034\">Utilizamos cookies para que nuestro sitio web sea m\u00e1s f\u00e1cil de usar. Se trata de peque\u00f1os archivos que almacena su navegador. Algunas cookies son t\u00e9cnicamente necesarias, otras se utilizan para analizar el comportamiento de los usuarios o con fines de marketing.<\/p><p data-start=\"2036\" data-end=\"2122\">Puede eliminar o bloquear las cookies en cualquier momento a trav\u00e9s de la configuraci\u00f3n de su navegador.<\/p><hr data-start=\"2124\" data-end=\"2127\" \/><h2 data-start=\"2129\" data-end=\"2162\">6. herramientas de an\u00e1lisis y seguimiento<\/h2><h3 data-start=\"2164\" data-end=\"2189\">a) Google Analytics<\/h3><p data-start=\"2190\" data-end=\"2428\">Este sitio web utiliza Google Analytics, un servicio anal\u00edtico de web prestado por Google LLC (1600 Amphitheatre Parkway, Mountain View, CA 94043, EE.UU.). Google Analytics utiliza cookies que permiten analizar el uso que usted hace del sitio web.<\/p><p data-start=\"2430\" data-end=\"2688\">La informaci\u00f3n generada por la cookie se transfiere normalmente a un servidor de Google en los EE.UU. y se almacena all\u00ed. Nosotros tenemos la <strong data-start=\"2580\" data-end=\"2601\">Anonimizaci\u00f3n de IP<\/strong> est\u00e1 activado para que su direcci\u00f3n IP se acorte dentro de la UE antes de la transmisi\u00f3n.<\/p><p data-start=\"2690\" data-end=\"2847\">Base jur\u00eddica: Art. 6 para. 1 lit. a GDPR (consentimiento)<br data-start=\"2748\" data-end=\"2751\" \/>M\u00e1s informaci\u00f3n: <a class=\"cursor-pointer\" target=\"_new\" rel=\"noopener\" data-start=\"2771\" data-end=\"2845\">https:\/\/policies.google.com\/privacy<\/a><\/p><hr data-start=\"2849\" data-end=\"2852\" \/><h3 data-start=\"2854\" data-end=\"2877\">b) P\u00edxel de Facebook<\/h3><p data-start=\"2878\" data-end=\"3127\">Nuestro sitio web utiliza el \"p\u00edxel de Facebook\" de Meta Platforms Ireland Ltd, 4 Grand Canal Square, Dubl\u00edn 2, Irlanda. Esto nos permite rastrear el comportamiento de los visitantes que han llegado a nuestro sitio web a trav\u00e9s de un anuncio de Facebook.<\/p><p data-start=\"3129\" data-end=\"3345\">Esto nos permite medir y optimizar la eficacia de los anuncios de Facebook. Los datos recopilados son an\u00f3nimos para nosotros, pero son almacenados y procesados por Facebook para mostrar anuncios espec\u00edficos.<\/p><p data-start=\"3347\" data-end=\"3512\">Base jur\u00eddica: Art. 6 para. 1 lit. a GDPR (consentimiento)<br data-start=\"3405\" data-end=\"3408\" \/>M\u00e1s informaci\u00f3n: <a class=\"\" href=\"https:\/\/www.facebook.com\/about\/privacy\/\" target=\"_new\" rel=\"noopener\" data-start=\"3428\" data-end=\"3510\">https:\/\/www.facebook.com\/about\/privacy\/<\/a><\/p><hr data-start=\"3514\" data-end=\"3517\" \/><h3 data-start=\"3519\" data-end=\"3548\">c) Etiqueta LinkedIn Insight<\/h3><p data-start=\"3549\" data-end=\"3808\">Nuestro sitio web utiliza la \"LinkedIn Insight Tag\" de LinkedIn Ireland Unlimited Company, Wilton Plaza, Wilton Place, Dubl\u00edn 2, Irlanda. Esta herramienta nos permite obtener estad\u00edsticas sobre los visitantes del sitio web y optimizar nuestra publicidad en LinkedIn.<\/p><p data-start=\"3810\" data-end=\"3897\">Aqu\u00ed tambi\u00e9n se registran datos como la direcci\u00f3n IP, la informaci\u00f3n del dispositivo y las p\u00e1ginas vistas.<\/p><p data-start=\"3899\" data-end=\"4076\">Base jur\u00eddica: Art. 6 para. 1 lit. a GDPR (consentimiento)<br data-start=\"3957\" data-end=\"3960\" \/>M\u00e1s informaci\u00f3n: <a class=\"\" href=\"https:\/\/www.linkedin.com\/legal\/privacy-policy\" target=\"_new\" rel=\"noopener\" data-start=\"3980\" data-end=\"4074\">https:\/\/www.linkedin.com\/legal\/privacy-policy<\/a><\/p><hr data-start=\"4078\" data-end=\"4081\" \/><h3 data-start=\"4083\" data-end=\"4115\">d) Bolet\u00edn a trav\u00e9s de Encharge<\/h3><p data-start=\"4116\" data-end=\"4369\">Para el env\u00edo de nuestro bolet\u00edn utilizamos el proveedor <strong data-start=\"4176\" data-end=\"4188\">Recarga<\/strong> (Encharge.io, 69 Vitosha Blvd, Sof\u00eda, Bulgaria). Los datos que introduzca para el bolet\u00edn (por ejemplo, nombre, direcci\u00f3n de correo electr\u00f3nico) se almacenar\u00e1n en los servidores de Encharge.<\/p><p data-start=\"4371\" data-end=\"4574\">Encharge utiliza esta informaci\u00f3n para enviar y analizar el bolet\u00edn. Con la ayuda de Encharge, podemos rastrear si se ha abierto un correo electr\u00f3nico del bolet\u00edn y en qu\u00e9 enlaces se ha hecho clic.<\/p><p data-start=\"4576\" data-end=\"4733\">Base jur\u00eddica: Art. 6 para. 1 lit. a GDPR (consentimiento)<br data-start=\"4634\" data-end=\"4637\" \/>M\u00e1s informaci\u00f3n: <a class=\"cursor-pointer\" target=\"_new\" rel=\"noopener\" data-start=\"4657\" data-end=\"4731\">https:\/\/encharge.io\/privacy-policy\/<\/a><\/p><p data-start=\"4735\" data-end=\"4849\">Puede revocar su consentimiento para recibir el bolet\u00edn en cualquier momento a trav\u00e9s del enlace para darse de baja que aparece en el correo electr\u00f3nico.<\/p><hr data-start=\"4851\" data-end=\"4854\" \/><h2 data-start=\"4856\" data-end=\"4893\">7 Derechos de los interesados<\/h2><p data-start=\"4895\" data-end=\"4917\">Tienes derecho:<\/p><ul data-start=\"4919\" data-end=\"5241\"><li data-start=\"4919\" data-end=\"4951\"><p data-start=\"4921\" data-end=\"4951\">a la informaci\u00f3n (Art. 15 GDPR)<\/p><\/li><li data-start=\"4952\" data-end=\"4988\"><p data-start=\"4954\" data-end=\"4988\">para rectificaci\u00f3n (Art. 16 GDPR)<\/p><\/li><li data-start=\"4989\" data-end=\"5021\"><p data-start=\"4991\" data-end=\"5021\">de supresi\u00f3n (Art. 17 GDPR)<\/p><\/li><li data-start=\"5022\" data-end=\"5076\"><p data-start=\"5024\" data-end=\"5076\">a la restricci\u00f3n del tratamiento (art. 18 del RGPD)<\/p><\/li><li data-start=\"5077\" data-end=\"5121\"><p data-start=\"5079\" data-end=\"5121\">a la portabilidad de los datos (Art. 20 GDPR)<\/p><\/li><li data-start=\"5122\" data-end=\"5179\"><p data-start=\"5124\" data-end=\"5179\">retirar su consentimiento (Art. 7 (3) GDPR)<\/p><\/li><li data-start=\"5180\" data-end=\"5241\"><p data-start=\"5182\" data-end=\"5241\">presentar una reclamaci\u00f3n ante una autoridad de control (art. 77 del RGPD)<\/p><\/li><\/ul><hr data-start=\"5243\" data-end=\"5246\" \/><h2 data-start=\"5248\" data-end=\"5269\">8. seguridad de los datos<\/h2><p data-start=\"5271\" data-end=\"5441\">Utilizamos el cifrado SSL y medidas t\u00e9cnicas y organizativas adecuadas para proteger sus datos contra la p\u00e9rdida, el uso indebido y el acceso no autorizado.<\/p><hr data-start=\"5443\" data-end=\"5446\" \/><h2 data-start=\"5448\" data-end=\"5505\">9. actualidad y modificaci\u00f3n de la presente pol\u00edtica de privacidad<\/h2><p data-start=\"5507\" data-end=\"5710\">Esta pol\u00edtica de privacidad es actualmente v\u00e1lida y tiene el estatus <strong data-start=\"5571\" data-end=\"5590\">17 de agosto de 2025<\/strong>. Nos reservamos el derecho de adaptar la pol\u00edtica de privacidad en caso de cambios en nuestro sitio web o requisitos legales.<\/p>\t\t\t\t\t\t\t\t<\/div>\n\t\t\t\t\t<\/div>\n\t\t\t\t<\/div>\n\t\t\t\t<\/div>","protected":false},"excerpt":{"rendered":"<p>Datenschutzerkl\u00e4rung 1. Verantwortlicher Dubai Setup LLCCentral Park Towers Offices, #1644DIFC, DubaiVereinigte Arabische Emirate E-Mail: office(@)dubaisetup.co 2. Allgemeine Hinweise Wir nehmen den Schutz Ihrer pers\u00f6nlichen Daten sehr ernst. Personenbezogene Daten werden vertraulich und entsprechend der gesetzlichen Datenschutzvorschriften sowie dieser Datenschutzerkl\u00e4rung behandelt. 3. Erhebung und Speicherung personenbezogener Daten a) Beim Besuch der Website Beim Besuch unserer Website [&hellip;]<\/p>\n","protected":false},"author":1,"featured_media":0,"parent":0,"menu_order":0,"comment_status":"closed","ping_status":"closed","template":"elementor_header_footer","meta":{"_acf_changed":false,"_seopress_robots_primary_cat":"","_seopress_titles_title":"Datenschutz & DSGVO","_seopress_titles_desc":"Alles \u00fcber die Verarbeitung der Daten und die Datenschutzgrundverordnung.","_seopress_robots_index":"yes","footnotes":""},"class_list":["post-27788","page","type-page","status-publish","hentry"],"acf":[],"_links":{"self":[{"href":"https:\/\/dubaisetup.co\/es\/wp-json\/wp\/v2\/pages\/27788","targetHints":{"allow":["GET"]}}],"collection":[{"href":"https:\/\/dubaisetup.co\/es\/wp-json\/wp\/v2\/pages"}],"about":[{"href":"https:\/\/dubaisetup.co\/es\/wp-json\/wp\/v2\/types\/page"}],"author":[{"embeddable":true,"href":"https:\/\/dubaisetup.co\/es\/wp-json\/wp\/v2\/users\/1"}],"replies":[{"embeddable":true,"href":"https:\/\/dubaisetup.co\/es\/wp-json\/wp\/v2\/comments?post=27788"}],"version-history":[{"count":8,"href":"https:\/\/dubaisetup.co\/es\/wp-json\/wp\/v2\/pages\/27788\/revisions"}],"predecessor-version":[{"id":33589,"href":"https:\/\/dubaisetup.co\/es\/wp-json\/wp\/v2\/pages\/27788\/revisions\/33589"}],"wp:attachment":[{"href":"https:\/\/dubaisetup.co\/es\/wp-json\/wp\/v2\/media?parent=27788"}],"curies":[{"name":"wp","href":"https:\/\/api.w.org\/{rel}","templated":true}]}}