{"id":27614,"date":"2025-08-14T08:47:34","date_gmt":"2025-08-14T08:47:34","guid":{"rendered":"https:\/\/dubaisetup.co\/?page_id=27614"},"modified":"2026-01-08T07:55:56","modified_gmt":"2026-01-08T07:55:56","slug":"imprimir","status":"publish","type":"page","link":"https:\/\/dubaisetup.co\/es\/impressum","title":{"rendered":"Pie de imprenta"},"content":{"rendered":"<div data-elementor-type=\"wp-page\" data-elementor-id=\"27614\" class=\"elementor elementor-27614\" data-elementor-post-type=\"page\">\n\t\t\t\t<div class=\"elementor-element elementor-element-ef7ed54 e-flex e-con-boxed e-con e-parent\" data-id=\"ef7ed54\" data-element_type=\"container\" data-e-type=\"container\" data-settings=\"{&quot;jet_parallax_layout_list&quot;:[]}\">\n\t\t\t\t\t<div class=\"e-con-inner\">\n\t\t\t\t<div class=\"elementor-element elementor-element-08e8f33 elementor-widget elementor-widget-text-editor\" data-id=\"08e8f33\" data-element_type=\"widget\" data-e-type=\"widget\" data-widget_type=\"text-editor.default\">\n\t\t\t\t\t\t\t\t\t<h2 data-start=\"381\" data-end=\"393\">Pie de imprenta<\/h2><p data-start=\"395\" data-end=\"420\"><strong data-start=\"395\" data-end=\"420\">Informaci\u00f3n seg\u00fan \u00a7 5 TMG<\/strong><\/p><p data-start=\"422\" data-end=\"506\">Dubai Setup LLC<\/p><p><strong>Oficina<\/strong><\/p><p>Oficinas de Central Park Towers, #1644<br \/>DIFC, Dubai <br \/>Emiratos \u00c1rabes Unidos<\/p><p><strong data-start=\"587\" data-end=\"599\">Contacto<\/strong><br data-start=\"635\" data-end=\"638\" \/>Correo electr\u00f3nico: office(@)dubaisetup.co<br data-start=\"671\" data-end=\"674\" \/>Web: <a class=\"\" href=\"https:\/\/dubaisetup.co\" target=\"_new\" rel=\"noopener\" data-start=\"679\" data-end=\"725\">https:\/\/dubaisetup.co<\/a><\/p><p data-start=\"587\" data-end=\"727\"><strong>Dise\u00f1o y desarrollo<\/strong><\/p><p data-start=\"587\" data-end=\"727\"><a href=\"https:\/\/elementrix.co\" target=\"_blank\" rel=\"noopener\">https:\/\/elementrix.co<\/a><\/p><hr data-start=\"905\" data-end=\"908\" \/><h3 data-start=\"910\" data-end=\"932\">Descargo de responsabilidad<\/h3><p data-start=\"934\" data-end=\"1133\"><strong data-start=\"934\" data-end=\"957\">Responsabilidad por los contenidos<\/strong><br data-start=\"957\" data-end=\"960\" \/>Los contenidos de nuestras p\u00e1ginas se han elaborado con el mayor esmero. Sin embargo, no podemos asumir ninguna responsabilidad por la exactitud, integridad y actualidad de los contenidos.<\/p><p data-start=\"1135\" data-end=\"1453\"><strong data-start=\"1135\" data-end=\"1156\">Responsabilidad de los enlaces<\/strong><br data-start=\"1156\" data-end=\"1159\" \/>Nuestro sitio web contiene enlaces a sitios web externos de terceros sobre cuyo contenido no tenemos ninguna influencia. Por lo tanto, no podemos aceptar ninguna responsabilidad por este contenido de terceros. El respectivo proveedor u operador de las p\u00e1ginas es siempre responsable del contenido de las p\u00e1ginas enlazadas.<\/p><p data-start=\"1455\" data-end=\"1770\"><strong data-start=\"1455\" data-end=\"1471\">Copyright<\/strong><br data-start=\"1471\" data-end=\"1474\" \/>El contenido y las obras creadas por los operadores del sitio en estas p\u00e1ginas est\u00e1n sujetos a derechos de autor. La reproducci\u00f3n, el procesamiento, la distribuci\u00f3n y cualquier forma de comercializaci\u00f3n de dicho material m\u00e1s all\u00e1 del alcance de la ley de derechos de autor requerir\u00e1n el consentimiento previo por escrito de su respectivo autor o creador.<\/p>\t\t\t\t\t\t\t\t<\/div>\n\t\t\t\t\t<\/div>\n\t\t\t\t<\/div>\n\t\t\t\t<\/div>","protected":false},"excerpt":{"rendered":"<p>Impressum Angaben gem\u00e4\u00df \u00a7 5 TMG Dubai Setup LLC Office Central Park Towers Offices, #1644DIFC, Dubai Vereinigte Arabische Emirate KontaktE-Mail: office(@)dubaisetup.coWeb: https:\/\/dubaisetup.co Design &amp; Development https:\/\/elementrix.co Haftungsausschluss Haftung f\u00fcr InhalteDie Inhalte unserer Seiten wurden mit gr\u00f6\u00dfter Sorgfalt erstellt. F\u00fcr die Richtigkeit, Vollst\u00e4ndigkeit und Aktualit\u00e4t der Inhalte k\u00f6nnen wir jedoch keine Gew\u00e4hr \u00fcbernehmen. Haftung f\u00fcr LinksUnsere [&hellip;]<\/p>\n","protected":false},"author":1,"featured_media":0,"parent":0,"menu_order":0,"comment_status":"closed","ping_status":"closed","template":"elementor_header_footer","meta":{"_acf_changed":false,"_seopress_robots_primary_cat":"","_seopress_titles_title":"Impressum von Dubai Setup","_seopress_titles_desc":"Alle Informationen zum Betreiber und Inhaber der Seite dubaisetup.co.","_seopress_robots_index":"yes","footnotes":""},"class_list":["post-27614","page","type-page","status-publish","hentry"],"acf":[],"_links":{"self":[{"href":"https:\/\/dubaisetup.co\/es\/wp-json\/wp\/v2\/pages\/27614","targetHints":{"allow":["GET"]}}],"collection":[{"href":"https:\/\/dubaisetup.co\/es\/wp-json\/wp\/v2\/pages"}],"about":[{"href":"https:\/\/dubaisetup.co\/es\/wp-json\/wp\/v2\/types\/page"}],"author":[{"embeddable":true,"href":"https:\/\/dubaisetup.co\/es\/wp-json\/wp\/v2\/users\/1"}],"replies":[{"embeddable":true,"href":"https:\/\/dubaisetup.co\/es\/wp-json\/wp\/v2\/comments?post=27614"}],"version-history":[{"count":38,"href":"https:\/\/dubaisetup.co\/es\/wp-json\/wp\/v2\/pages\/27614\/revisions"}],"predecessor-version":[{"id":32205,"href":"https:\/\/dubaisetup.co\/es\/wp-json\/wp\/v2\/pages\/27614\/revisions\/32205"}],"wp:attachment":[{"href":"https:\/\/dubaisetup.co\/es\/wp-json\/wp\/v2\/media?parent=27614"}],"curies":[{"name":"wp","href":"https:\/\/api.w.org\/{rel}","templated":true}]}}