{"id":23610,"date":"2025-07-18T12:13:30","date_gmt":"2025-07-18T12:13:30","guid":{"rendered":"https:\/\/dubaisetup.co\/?page_id=23610"},"modified":"2025-07-20T17:58:50","modified_gmt":"2025-07-20T17:58:50","slug":"servicios","status":"publish","type":"page","link":"https:\/\/dubaisetup.co\/es\/leistungen","title":{"rendered":"Servicios"},"content":{"rendered":"<div data-elementor-type=\"wp-page\" data-elementor-id=\"23610\" class=\"elementor elementor-23610\" data-elementor-post-type=\"page\">\n\t\t\t\t<div class=\"elementor-element elementor-element-3edf2883 e-flex e-con-boxed e-con e-parent\" data-id=\"3edf2883\" data-element_type=\"container\" data-e-type=\"container\" data-settings=\"{&quot;background_background&quot;:&quot;classic&quot;,&quot;jet_parallax_layout_list&quot;:[]}\">\n\t\t\t\t\t<div class=\"e-con-inner\">\n\t\t\t\t<div class=\"elementor-element elementor-element-2f6044b elementor-widget elementor-widget-heading\" data-id=\"2f6044b\" data-element_type=\"widget\" data-e-type=\"widget\" data-widget_type=\"heading.default\">\n\t\t\t\t\t<h2 class=\"elementor-heading-title elementor-size-default\">Servicios<\/h2>\t\t\t\t<\/div>\n\t\t\t\t\t<\/div>\n\t\t\t\t<\/div>\n\t\t<div class=\"elementor-element elementor-element-fc48b53 e-flex e-con-boxed e-con e-parent\" data-id=\"fc48b53\" data-element_type=\"container\" data-e-type=\"container\" data-settings=\"{&quot;jet_parallax_layout_list&quot;:[]}\">\n\t\t\t\t\t<div class=\"e-con-inner\">\n\t\t\t\t<div class=\"elementor-element elementor-element-c8e35c7 elementor-widget elementor-widget-template\" data-id=\"c8e35c7\" data-element_type=\"widget\" data-e-type=\"widget\" data-widget_type=\"template.default\">\n\t\t\t\t<div class=\"elementor-widget-container\">\n\t\t\t\t\t\t\t<div class=\"elementor-template\">\n\t\t\t\t\t<div data-elementor-type=\"container\" data-elementor-id=\"24947\" class=\"elementor elementor-24947\" data-elementor-post-type=\"elementor_library\">\n\t\t\t\t<div class=\"elementor-element elementor-element-1b11700 e-flex e-con-boxed e-con e-parent\" data-id=\"1b11700\" data-element_type=\"container\" data-e-type=\"container\" data-settings=\"{&quot;background_background&quot;:&quot;classic&quot;,&quot;jet_parallax_layout_list&quot;:[]}\">\n\t\t\t\t\t<div class=\"e-con-inner\">\n\t\t<div class=\"elementor-element elementor-element-c353f16 e-con-full e-flex e-con e-child\" data-id=\"c353f16\" data-element_type=\"container\" data-e-type=\"container\" data-settings=\"{&quot;jet_parallax_layout_list&quot;:[]}\">\n\t\t<div class=\"elementor-element elementor-element-6c9b156 e-flex e-con-boxed e-con e-child\" data-id=\"6c9b156\" data-element_type=\"container\" data-e-type=\"container\" data-settings=\"{&quot;jet_parallax_layout_list&quot;:[]}\">\n\t\t\t\t\t<div class=\"e-con-inner\">\n\t\t<div class=\"elementor-element elementor-element-b01d723 e-con-full e-flex e-con e-child\" data-id=\"b01d723\" data-element_type=\"container\" data-e-type=\"container\" data-settings=\"{&quot;jet_parallax_layout_list&quot;:[]}\">\n\t\t\t\t<div class=\"elementor-element elementor-element-ad9350e elementor-widget elementor-widget-heading\" data-id=\"ad9350e\" data-element_type=\"widget\" data-e-type=\"widget\" data-widget_type=\"heading.default\">\n\t\t\t\t\t<div class=\"elementor-heading-title elementor-size-default\">\u00bfEn qu\u00e9 podemos ayudarle?<\/div>\t\t\t\t<\/div>\n\t\t\t\t<div class=\"elementor-element elementor-element-391e524 animated-slow elementor-invisible elementor-widget elementor-widget-heading\" data-id=\"391e524\" data-element_type=\"widget\" data-e-type=\"widget\" data-settings=\"{&quot;_animation&quot;:&quot;fadeIn&quot;}\" data-widget_type=\"heading.default\">\n\t\t\t\t\t<h2 class=\"elementor-heading-title elementor-size-default\">Servicios<\/h2>\t\t\t\t<\/div>\n\t\t\t\t<div class=\"elementor-element elementor-element-6d2fddf elementor-widget elementor-widget-heading\" data-id=\"6d2fddf\" data-element_type=\"widget\" data-e-type=\"widget\" data-widget_type=\"heading.default\">\n\t\t\t\t\t<h2 class=\"elementor-heading-title elementor-size-default\">Nuestros servicios\n<\/h2>\t\t\t\t<\/div>\n\t\t\t\t<\/div>\n\t\t<div class=\"elementor-element elementor-element-dc5bdb1 e-con-full e-flex e-con e-child\" data-id=\"dc5bdb1\" data-element_type=\"container\" data-e-type=\"container\" data-settings=\"{&quot;jet_parallax_layout_list&quot;:[]}\">\n\t\t\t\t<div class=\"elementor-element elementor-element-3eed951 elementor-widget elementor-widget-text-editor\" data-id=\"3eed951\" data-element_type=\"widget\" data-e-type=\"widget\" data-widget_type=\"text-editor.default\">\n\t\t\t\t\t\t\t\t\t<p>Ofrecemos un servicio integral en los EAU. Desde constituci\u00f3n de sociedades y VISA hasta apertura de cuentas y propiedades.<\/p>\t\t\t\t\t\t\t\t<\/div>\n\t\t\t\t<\/div>\n\t\t\t\t\t<\/div>\n\t\t\t\t<\/div>\n\t\t<div class=\"elementor-element elementor-element-9ac96ef animated-fast e-con-full e-flex elementor-invisible e-con e-child\" data-id=\"9ac96ef\" data-element_type=\"container\" data-e-type=\"container\" data-settings=\"{&quot;animation&quot;:&quot;slideInUp&quot;,&quot;animation_delay&quot;:40,&quot;jet_parallax_layout_list&quot;:[]}\">\n\t\t<div class=\"elementor-element elementor-element-aedda81 e-flex e-con-boxed e-con e-child\" data-id=\"aedda81\" data-element_type=\"container\" data-e-type=\"container\" data-settings=\"{&quot;jet_parallax_layout_list&quot;:[]}\">\n\t\t\t\t\t<div class=\"e-con-inner\">\n\t\t\t\t<div class=\"elementor-element elementor-element-7f26489 elementor-position-left elementor-vertical-align-top elementor-widget elementor-widget-image-box\" data-id=\"7f26489\" data-element_type=\"widget\" data-e-type=\"widget\" data-widget_type=\"image-box.default\">\n\t\t\t\t\t<div class=\"elementor-image-box-wrapper\"><figure class=\"elementor-image-box-img\"><img decoding=\"async\" src=\"https:\/\/dubaisetup.co\/wp-content\/uploads\/2025\/09\/office-icon.svg\" title=\"icono de oficina\" alt=\"icono de oficina\" loading=\"lazy\" \/><\/figure><div class=\"elementor-image-box-content\"><h3 class=\"elementor-image-box-title\">Creaci\u00f3n de una Empresa<\/h3><p class=\"elementor-image-box-description\">Consultor\u00eda, establecimiento y apoyo continuo para su empresa en Dubai (Mainland y Freezone). <\/p><\/div><\/div>\t\t\t\t<\/div>\n\t\t\t\t\t<\/div>\n\t\t\t\t<\/div>\n\t\t<div class=\"elementor-element elementor-element-95350c8 e-flex e-con-boxed e-con e-child\" data-id=\"95350c8\" data-element_type=\"container\" data-e-type=\"container\" data-settings=\"{&quot;jet_parallax_layout_list&quot;:[]}\">\n\t\t\t\t\t<div class=\"e-con-inner\">\n\t\t\t\t<div class=\"elementor-element elementor-element-83f8ccd elementor-position-left elementor-vertical-align-top elementor-widget elementor-widget-image-box\" data-id=\"83f8ccd\" data-element_type=\"widget\" data-e-type=\"widget\" data-widget_type=\"image-box.default\">\n\t\t\t\t\t<div class=\"elementor-image-box-wrapper\"><figure class=\"elementor-image-box-img\"><img decoding=\"async\" src=\"https:\/\/dubaisetup.co\/wp-content\/uploads\/2025\/09\/bank-icon.svg\" title=\"icono de banco\" alt=\"icono de banco\" loading=\"lazy\" \/><\/figure><div class=\"elementor-image-box-content\"><h3 class=\"elementor-image-box-title\">Apertura de cuenta<\/h3><p class=\"elementor-image-box-description\">Apertura de cuentas privadas y empresariales en bancos locales de Dubai. <\/p><\/div><\/div>\t\t\t\t<\/div>\n\t\t\t\t\t<\/div>\n\t\t\t\t<\/div>\n\t\t\t\t<\/div>\n\t\t<div class=\"elementor-element elementor-element-5b8f2c9 animated-fast e-con-full e-flex elementor-invisible e-con e-child\" data-id=\"5b8f2c9\" data-element_type=\"container\" data-e-type=\"container\" data-settings=\"{&quot;animation&quot;:&quot;slideInUp&quot;,&quot;animation_delay&quot;:40,&quot;jet_parallax_layout_list&quot;:[]}\">\n\t\t<div class=\"elementor-element elementor-element-9e0aea8 e-flex e-con-boxed e-con e-child\" data-id=\"9e0aea8\" data-element_type=\"container\" data-e-type=\"container\" data-settings=\"{&quot;jet_parallax_layout_list&quot;:[]}\">\n\t\t\t\t\t<div class=\"e-con-inner\">\n\t\t\t\t<div class=\"elementor-element elementor-element-c609040 elementor-position-left elementor-vertical-align-top elementor-widget elementor-widget-image-box\" data-id=\"c609040\" data-element_type=\"widget\" data-e-type=\"widget\" data-widget_type=\"image-box.default\">\n\t\t\t\t\t<div class=\"elementor-image-box-wrapper\"><figure class=\"elementor-image-box-img\"><img decoding=\"async\" src=\"https:\/\/dubaisetup.co\/wp-content\/uploads\/2025\/09\/house-icon.svg\" title=\"icono de casa\" alt=\"icono de casa\" loading=\"lazy\" \/><\/figure><div class=\"elementor-image-box-content\"><h3 class=\"elementor-image-box-title\">Inmobiliario<\/h3><p class=\"elementor-image-box-description\">Le encontraremos la propiedad adecuada para vivir en ella o como inversi\u00f3n rentable. <\/p><\/div><\/div>\t\t\t\t<\/div>\n\t\t\t\t\t<\/div>\n\t\t\t\t<\/div>\n\t\t<div class=\"elementor-element elementor-element-69693de e-flex e-con-boxed e-con e-child\" data-id=\"69693de\" data-element_type=\"container\" data-e-type=\"container\" data-settings=\"{&quot;jet_parallax_layout_list&quot;:[]}\">\n\t\t\t\t\t<div class=\"e-con-inner\">\n\t\t\t\t<div class=\"elementor-element elementor-element-6f5cd49 elementor-position-left elementor-vertical-align-top elementor-widget elementor-widget-image-box\" data-id=\"6f5cd49\" data-element_type=\"widget\" data-e-type=\"widget\" data-widget_type=\"image-box.default\">\n\t\t\t\t\t<div class=\"elementor-image-box-wrapper\"><figure class=\"elementor-image-box-img\"><img decoding=\"async\" src=\"https:\/\/dubaisetup.co\/wp-content\/uploads\/2025\/09\/health-icon.svg\" title=\"icono de salud\" alt=\"icono de salud\" loading=\"lazy\" \/><\/figure><div class=\"elementor-image-box-content\"><h3 class=\"elementor-image-box-title\">Seguros<\/h3><p class=\"elementor-image-box-description\">Benef\u00edciese del excelente sistema sanitario de Dubai con el seguro adecuado para usted y su familia. <\/p><\/div><\/div>\t\t\t\t<\/div>\n\t\t\t\t\t<\/div>\n\t\t\t\t<\/div>\n\t\t\t\t<\/div>\n\t\t<div class=\"elementor-element elementor-element-bf752f7 animated-fast e-con-full e-flex elementor-invisible e-con e-child\" data-id=\"bf752f7\" data-element_type=\"container\" data-e-type=\"container\" data-settings=\"{&quot;animation&quot;:&quot;slideInUp&quot;,&quot;animation_delay&quot;:40,&quot;jet_parallax_layout_list&quot;:[]}\">\n\t\t<div class=\"elementor-element elementor-element-f1bb1e4 e-flex e-con-boxed e-con e-child\" data-id=\"f1bb1e4\" data-element_type=\"container\" data-e-type=\"container\" data-settings=\"{&quot;jet_parallax_layout_list&quot;:[]}\">\n\t\t\t\t\t<div class=\"e-con-inner\">\n\t\t\t\t<div class=\"elementor-element elementor-element-884ba78 elementor-position-left elementor-vertical-align-top elementor-widget elementor-widget-image-box\" data-id=\"884ba78\" data-element_type=\"widget\" data-e-type=\"widget\" data-widget_type=\"image-box.default\">\n\t\t\t\t\t<div class=\"elementor-image-box-wrapper\"><figure class=\"elementor-image-box-img\"><img decoding=\"async\" src=\"https:\/\/dubaisetup.co\/wp-content\/uploads\/2025\/09\/ID-icon.svg\" title=\"Icono ID\" alt=\"Icono ID\" loading=\"lazy\" \/><\/figure><div class=\"elementor-image-box-content\"><h3 class=\"elementor-image-box-title\">VISA<\/h3><p class=\"elementor-image-box-description\">Ofrecemos un servicio completo de VISA. Desde revisi\u00f3n m\u00e9dica y biometr\u00eda hasta Emirates ID.<\/p><\/div><\/div>\t\t\t\t<\/div>\n\t\t\t\t\t<\/div>\n\t\t\t\t<\/div>\n\t\t<div class=\"elementor-element elementor-element-3fc9088 e-con-full e-flex e-con e-child\" data-id=\"3fc9088\" data-element_type=\"container\" data-e-type=\"container\" data-settings=\"{&quot;jet_parallax_layout_list&quot;:[]}\">\n\t\t\t\t<div class=\"elementor-element elementor-element-9955da5 elementor-position-left elementor-vertical-align-top elementor-widget elementor-widget-image-box\" data-id=\"9955da5\" data-element_type=\"widget\" data-e-type=\"widget\" data-widget_type=\"image-box.default\">\n\t\t\t\t\t<div class=\"elementor-image-box-wrapper\"><figure class=\"elementor-image-box-img\"><img decoding=\"async\" src=\"https:\/\/dubaisetup.co\/wp-content\/uploads\/2025\/09\/law-icon.svg\" title=\"icono de ley\" alt=\"icono de ley\" loading=\"lazy\" \/><\/figure><div class=\"elementor-image-box-content\"><h3 class=\"elementor-image-box-title\">Fiscalidad, derecho y contabilidad<\/h3><p class=\"elementor-image-box-description\">Nuestros socios locales en materia de abogados, asesores fiscales y contables garantizan el cumplimiento de la legislaci\u00f3n. <\/p><\/div><\/div>\t\t\t\t<\/div>\n\t\t\t\t<\/div>\n\t\t\t\t<\/div>\n\t\t\t\t<\/div>\n\t\t\t\t\t<\/div>\n\t\t\t\t<\/div>\n\t\t\t\t<\/div>\n\t\t\t\t<\/div>\n\t\t\t\t\t\t<\/div>\n\t\t\t\t<\/div>\n\t\t\t\t\t<\/div>\n\t\t\t\t<\/div>\n\t\t\t\t<\/div>","protected":false},"excerpt":{"rendered":"<p>Servicios<\/p>","protected":false},"author":1,"featured_media":0,"parent":0,"menu_order":0,"comment_status":"closed","ping_status":"closed","template":"elementor_header_footer","meta":{"_acf_changed":false,"_seopress_robots_primary_cat":"","_seopress_titles_title":"Alle Leistungen von Dubai Setup im \u00dcberblick","_seopress_titles_desc":"Wir bieten vollumf\u00e4nglichen Service, wenn es um die Auswanderung und Expansion nach Dubai bzw. die VAE geht.","_seopress_robots_index":"","footnotes":""},"class_list":["post-23610","page","type-page","status-publish","hentry"],"acf":[],"_links":{"self":[{"href":"https:\/\/dubaisetup.co\/es\/wp-json\/wp\/v2\/pages\/23610","targetHints":{"allow":["GET"]}}],"collection":[{"href":"https:\/\/dubaisetup.co\/es\/wp-json\/wp\/v2\/pages"}],"about":[{"href":"https:\/\/dubaisetup.co\/es\/wp-json\/wp\/v2\/types\/page"}],"author":[{"embeddable":true,"href":"https:\/\/dubaisetup.co\/es\/wp-json\/wp\/v2\/users\/1"}],"replies":[{"embeddable":true,"href":"https:\/\/dubaisetup.co\/es\/wp-json\/wp\/v2\/comments?post=23610"}],"version-history":[{"count":8,"href":"https:\/\/dubaisetup.co\/es\/wp-json\/wp\/v2\/pages\/23610\/revisions"}],"predecessor-version":[{"id":24952,"href":"https:\/\/dubaisetup.co\/es\/wp-json\/wp\/v2\/pages\/23610\/revisions\/24952"}],"wp:attachment":[{"href":"https:\/\/dubaisetup.co\/es\/wp-json\/wp\/v2\/media?parent=23610"}],"curies":[{"name":"wp","href":"https:\/\/api.w.org\/{rel}","templated":true}]}}