{"id":32878,"date":"2026-02-17T13:25:00","date_gmt":"2026-02-17T13:25:00","guid":{"rendered":"https:\/\/dubaisetup.co\/?page_id=32878"},"modified":"2026-02-26T15:23:09","modified_gmt":"2026-02-26T15:23:09","slug":"process","status":"publish","type":"page","link":"https:\/\/dubaisetup.co\/en\/ablauf","title":{"rendered":"Process"},"content":{"rendered":"<div data-elementor-type=\"wp-page\" data-elementor-id=\"32878\" class=\"elementor elementor-32878\" data-elementor-post-type=\"page\">\n\t\t\t\t<div class=\"elementor-element elementor-element-4567e88 e-flex e-con-boxed e-con e-parent\" data-id=\"4567e88\" data-element_type=\"container\" data-e-type=\"container\" data-settings=\"{&quot;background_background&quot;:&quot;classic&quot;,&quot;jet_parallax_layout_list&quot;:[]}\">\n\t\t\t\t\t<div class=\"e-con-inner\">\n\t\t\t\t<div class=\"elementor-element elementor-element-1caec01 elementor-widget elementor-widget-heading\" data-id=\"1caec01\" data-element_type=\"widget\" data-e-type=\"widget\" data-widget_type=\"heading.default\">\n\t\t\t\t\t<h1 class=\"elementor-heading-title elementor-size-default\">Process<\/h1>\t\t\t\t<\/div>\n\t\t\t\t\t<\/div>\n\t\t\t\t<\/div>\n\t\t<div class=\"elementor-element elementor-element-df50fde e-flex e-con-boxed e-con e-parent\" data-id=\"df50fde\" data-element_type=\"container\" data-e-type=\"container\" data-settings=\"{&quot;jet_parallax_layout_list&quot;:[]}\">\n\t\t\t\t\t<div class=\"e-con-inner\">\n\t\t\t\t<div class=\"elementor-element elementor-element-08acdcd elementor-align-justify elementor-widget elementor-widget-button\" data-id=\"08acdcd\" data-element_type=\"widget\" data-e-type=\"widget\" data-widget_type=\"button.default\">\n\t\t\t\t\t\t\t\t\t\t<a class=\"elementor-button elementor-button-link elementor-size-sm\" href=\"https:\/\/docs.google.com\/forms\/d\/e\/1FAIpQLSf0tjYauPtp0gewzm6LM7wGu0huQ6iib2hSUQEe_vHuru1AFw\/viewform?usp=sharing&amp;ouid=102972448526876102031\" target=\"_blank\">\n\t\t\t\t\t\t<span class=\"elementor-button-content-wrapper\">\n\t\t\t\t\t\t<span class=\"elementor-button-icon\">\n\t\t\t\t<svg aria-hidden=\"true\" class=\"e-font-icon-svg e-fas-file-alt\" viewbox=\"0 0 384 512\" xmlns=\"http:\/\/www.w3.org\/2000\/svg\"><path d=\"M224 136V0H24C10.7 0 0 10.7 0 24v464c0 13.3 10.7 24 24 24h336c13.3 0 24-10.7 24-24V160H248c-13.2 0-24-10.8-24-24zm64 236c0 6.6-5.4 12-12 12H108c-6.6 0-12-5.4-12-12v-8c0-6.6 5.4-12 12-12h168c6.6 0 12 5.4 12 12v8zm0-64c0 6.6-5.4 12-12 12H108c-6.6 0-12-5.4-12-12v-8c0-6.6 5.4-12 12-12h168c6.6 0 12 5.4 12 12v8zm0-72v8c0 6.6-5.4 12-12 12H108c-6.6 0-12-5.4-12-12v-8c0-6.6 5.4-12 12-12h168c6.6 0 12 5.4 12 12zm96-114.1v6.1H256V0h6.1c6.4 0 12.5 2.5 17 7l97.9 98c4.5 4.5 7 10.6 7 16.9z\"><\/path><\/svg>\t\t\t<\/span>\n\t\t\t\t\t\t\t\t\t<span class=\"elementor-button-text\">Setup Form<\/span>\n\t\t\t\t\t<\/span>\n\t\t\t\t\t<\/a>\n\t\t\t\t\t\t\t\t<\/div>\n\t\t\t\t\t<\/div>\n\t\t\t\t<\/div>\n\t\t<div class=\"elementor-element elementor-element-1ac1fb7 e-flex e-con-boxed e-con e-parent\" data-id=\"1ac1fb7\" data-element_type=\"container\" data-e-type=\"container\" data-settings=\"{&quot;jet_parallax_layout_list&quot;:[]}\">\n\t\t\t\t\t<div class=\"e-con-inner\">\n\t\t\t\t<div class=\"elementor-element elementor-element-0a92a20 elementor-widget elementor-widget-jet-timeline\" data-id=\"0a92a20\" data-element_type=\"widget\" data-e-type=\"widget\" data-widget_type=\"jet-timeline.default\">\n\t\t\t\t<div class=\"elementor-widget-container\">\n\t\t\t\t\t<div class=\"elementor-jet-timeline jet-elements\"><div class=\"jet-timeline jet-timeline--align-center jet-timeline--align-middle\">\n\t<div class=\"jet-timeline__line\"><div class=\"jet-timeline__line-progress\"><\/div><\/div>\n\t<div class=\"jet-timeline-list\"><div class=\"jet-timeline-item  elementor-repeater-item-bcdddfa jet-timeline-item--image-inside\">\n\t<div class=\"timeline-item__card\">\n\t\t<div class=\"timeline-item__card-inner\">\n\t\t\t\t\t\t\t\t<div class=\"timeline-item__card-content\">\n\t\t\t\t\t<div class=\"timeline-item__meta\"><div class=\"timeline-item__meta-content\">3-4 business days<\/div><\/div><h5 class=\"timeline-item__card-title\">Company Formation<\/h5><div class=\"timeline-item__card-desc\">The company is founded entirely remotely after the formation form has been completed via Google.\n\nPlease fill it out accurately to avoid delays. (e.g., blurry passport photo\ninstead of clear photocopy)\n<\/div>\t\t\t\t<\/div>\n\t\t\t\t\t\t<\/div>\n\t\t<div class=\"timeline-item__card-arrow\"><\/div>\n\t<\/div>\n\t<div class=\"timeline-item__point\"><div class=\"timeline-item__point-content timeline-item__point-content--icon\"><span class=\"jet-elements-icon\"><svg aria-hidden=\"true\" class=\"e-font-icon-svg e-fas-file-alt\" viewbox=\"0 0 384 512\" xmlns=\"http:\/\/www.w3.org\/2000\/svg\"><path d=\"M224 136V0H24C10.7 0 0 10.7 0 24v464c0 13.3 10.7 24 24 24h336c13.3 0 24-10.7 24-24V160H248c-13.2 0-24-10.8-24-24zm64 236c0 6.6-5.4 12-12 12H108c-6.6 0-12-5.4-12-12v-8c0-6.6 5.4-12 12-12h168c6.6 0 12 5.4 12 12v8zm0-64c0 6.6-5.4 12-12 12H108c-6.6 0-12-5.4-12-12v-8c0-6.6 5.4-12 12-12h168c6.6 0 12 5.4 12 12v8zm0-72v8c0 6.6-5.4 12-12 12H108c-6.6 0-12-5.4-12-12v-8c0-6.6 5.4-12 12-12h168c6.6 0 12 5.4 12 12zm96-114.1v6.1H256V0h6.1c6.4 0 12.5 2.5 17 7l97.9 98c4.5 4.5 7 10.6 7 16.9z\"><\/path><\/svg><\/span><\/div><\/div><div class=\"timeline-item__meta\"><div class=\"timeline-item__meta-content\">3-4 business days<\/div><\/div><\/div><div class=\"jet-timeline-item  elementor-repeater-item-0d10c34 jet-timeline-item--image-inside\">\n\t<div class=\"timeline-item__card\">\n\t\t<div class=\"timeline-item__card-inner\">\n\t\t\t\t\t\t\t\t<div class=\"timeline-item__card-content\">\n\t\t\t\t\t<div class=\"timeline-item__meta\"><div class=\"timeline-item__meta-content\">3 business days<\/div><\/div><h5 class=\"timeline-item__card-title\">EVISA<\/h5><div class=\"timeline-item__card-desc\">After establishing and signing the shareholder resolution, MOA, and employment contract, you will receive the e-VISA required for entry.\n<\/div>\t\t\t\t<\/div>\n\t\t\t\t\t\t<\/div>\n\t\t<div class=\"timeline-item__card-arrow\"><\/div>\n\t<\/div>\n\t<div class=\"timeline-item__point\"><div class=\"timeline-item__point-content timeline-item__point-content--icon\"><span class=\"jet-elements-icon\"><svg aria-hidden=\"true\" class=\"e-font-icon-svg e-fas-file-pdf\" viewbox=\"0 0 384 512\" xmlns=\"http:\/\/www.w3.org\/2000\/svg\"><path d=\"M181.9 256.1c-5-16-4.9-46.9-2-46.9 8.4 0 7.6 36.9 2 46.9zm-1.7 47.2c-7.7 20.2-17.3 43.3-28.4 62.7 18.3-7 39-17.2 62.9-21.9-12.7-9.6-24.9-23.4-34.5-40.8zM86.1 428.1c0 .8 13.2-5.4 34.9-40.2-6.7 6.3-29.1 24.5-34.9 40.2zM248 160h136v328c0 13.3-10.7 24-24 24H24c-13.3 0-24-10.7-24-24V24C0 10.7 10.7 0 24 0h200v136c0 13.2 10.8 24 24 24zm-8 171.8c-20-12.2-33.3-29-42.7-53.8 4.5-18.5 11.6-46.6 6.2-64.2-4.7-29.4-42.4-26.5-47.8-6.8-5 18.3-.4 44.1 8.1 77-11.6 27.6-28.7 64.6-40.8 85.8-.1 0-.1.1-.2.1-27.1 13.9-73.6 44.5-54.5 68 5.6 6.9 16 10 21.5 10 17.9 0 35.7-18 61.1-61.8 25.8-8.5 54.1-19.1 79-23.2 21.7 11.8 47.1 19.5 64 19.5 29.2 0 31.2-32 19.7-43.4-13.9-13.6-54.3-9.7-73.6-7.2zM377 105L279 7c-4.5-4.5-10.6-7-17-7h-6v128h128v-6.1c0-6.3-2.5-12.4-7-16.9zm-74.1 255.3c4.1-2.7-2.5-11.9-42.8-9 37.1 15.8 42.8 9 42.8 9z\"><\/path><\/svg><\/span><\/div><\/div><div class=\"timeline-item__meta\"><div class=\"timeline-item__meta-content\">3 business days<\/div><\/div><\/div><div class=\"jet-timeline-item  elementor-repeater-item-8064436 jet-timeline-item--image-inside\">\n\t<div class=\"timeline-item__card\">\n\t\t<div class=\"timeline-item__card-inner\">\n\t\t\t\t\t\t\t\t<div class=\"timeline-item__card-content\">\n\t\t\t\t\t<div class=\"timeline-item__meta\"><div class=\"timeline-item__meta-content\">1st day in Dubai<\/div><\/div><h5 class=\"timeline-item__card-title\">Entry DXB<\/h5><div class=\"timeline-item__card-desc\">The e-VISA is presented upon arrival at the airport. \n<br><br>\nIdeally, you should get a 28-day tourist SIM card at the airport so that you can use mobile internet and already have the local number later on.\n\nOnce you have received your Emirates ID, the temporary tourist SIM card can be upgraded to a permanent e-SIM card with a contract. <\/div>\t\t\t\t<\/div>\n\t\t\t\t\t\t<\/div>\n\t\t<div class=\"timeline-item__card-arrow\"><\/div>\n\t<\/div>\n\t<div class=\"timeline-item__point\"><div class=\"timeline-item__point-content timeline-item__point-content--icon\"><span class=\"jet-elements-icon\"><svg aria-hidden=\"true\" class=\"e-font-icon-svg e-fas-plane-arrival\" viewbox=\"0 0 640 512\" xmlns=\"http:\/\/www.w3.org\/2000\/svg\"><path d=\"M624 448H16c-8.84 0-16 7.16-16 16v32c0 8.84 7.16 16 16 16h608c8.84 0 16-7.16 16-16v-32c0-8.84-7.16-16-16-16zM44.81 205.66l88.74 80a62.607 62.607 0 0 0 25.47 13.93l287.6 78.35c26.48 7.21 54.56 8.72 81 1.36 29.67-8.27 43.44-21.21 47.25-35.71 3.83-14.5-1.73-32.71-23.37-54.96-19.28-19.82-44.35-32.79-70.83-40l-97.51-26.56L282.8 30.22c-1.51-5.81-5.95-10.35-11.66-11.91L206.05.58c-10.56-2.88-20.9 5.32-20.71 16.44l47.92 164.21-102.2-27.84-27.59-67.88c-1.93-4.89-6.01-8.57-11.02-9.93L52.72 64.75c-10.34-2.82-20.53 5-20.72 15.88l.23 101.78c.19 8.91 6.03 17.34 12.58 23.25z\"><\/path><\/svg><\/span><\/div><\/div><div class=\"timeline-item__meta\"><div class=\"timeline-item__meta-content\">1st day in Dubai<\/div><\/div><\/div><div class=\"jet-timeline-item  elementor-repeater-item-9555ffb jet-timeline-item--image-inside\">\n\t<div class=\"timeline-item__card\">\n\t\t<div class=\"timeline-item__card-inner\">\n\t\t\t\t\t\t\t\t<div class=\"timeline-item__card-content\">\n\t\t\t\t\t<div class=\"timeline-item__meta\"><div class=\"timeline-item__meta-content\">1st day in Dubai (30min)<\/div><\/div><h5 class=\"timeline-item__card-title\">Medical Test<\/h5><div class=\"timeline-item__card-desc\">Medical test at Smart Salem Center in City Walk, which is necessary to maintain your residence visa. This takes only a few minutes and consists of a chest X-ray and blood test. Our team member Venkat will be there waiting for you.<\/div>\t\t\t\t<\/div>\n\t\t\t\t\t\t<\/div>\n\t\t<div class=\"timeline-item__card-arrow\"><\/div>\n\t<\/div>\n\t<div class=\"timeline-item__point\"><div class=\"timeline-item__point-content timeline-item__point-content--icon\"><span class=\"jet-elements-icon\"><svg aria-hidden=\"true\" class=\"e-font-icon-svg e-fas-hospital-symbol\" viewbox=\"0 0 512 512\" xmlns=\"http:\/\/www.w3.org\/2000\/svg\"><path d=\"M256 0C114.6 0 0 114.6 0 256s114.6 256 256 256 256-114.6 256-256S397.4 0 256 0zm112 376c0 4.4-3.6 8-8 8h-48c-4.4 0-8-3.6-8-8v-88h-96v88c0 4.4-3.6 8-8 8h-48c-4.4 0-8-3.6-8-8V136c0-4.4 3.6-8 8-8h48c4.4 0 8 3.6 8 8v88h96v-88c0-4.4 3.6-8 8-8h48c4.4 0 8 3.6 8 8v240z\"><\/path><\/svg><\/span><\/div><\/div><div class=\"timeline-item__meta\"><div class=\"timeline-item__meta-content\">1st day in Dubai (30min)<\/div><\/div><\/div><div class=\"jet-timeline-item  elementor-repeater-item-4b42877 jet-timeline-item--image-inside\">\n\t<div class=\"timeline-item__card\">\n\t\t<div class=\"timeline-item__card-inner\">\n\t\t\t\t\t\t\t\t<div class=\"timeline-item__card-content\">\n\t\t\t\t\t<div class=\"timeline-item__meta\"><div class=\"timeline-item__meta-content\">2nd day in Dubai (30min)<\/div><\/div><h5 class=\"timeline-item__card-title\">Biometrics<\/h5><div class=\"timeline-item__card-desc\">We will only receive the exact date after we have received a positive \u201cFIT\u201d result from the medical test. With this, we will then accompany you to have your fingerprints taken.<\/div>\t\t\t\t<\/div>\n\t\t\t\t\t\t<\/div>\n\t\t<div class=\"timeline-item__card-arrow\"><\/div>\n\t<\/div>\n\t<div class=\"timeline-item__point\"><div class=\"timeline-item__point-content timeline-item__point-content--icon\"><span class=\"jet-elements-icon\"><svg aria-hidden=\"true\" class=\"e-font-icon-svg e-fas-fingerprint\" viewbox=\"0 0 512 512\" xmlns=\"http:\/\/www.w3.org\/2000\/svg\"><path d=\"M256.12 245.96c-13.25 0-24 10.74-24 24 1.14 72.25-8.14 141.9-27.7 211.55-2.73 9.72 2.15 30.49 23.12 30.49 10.48 0 20.11-6.92 23.09-17.52 13.53-47.91 31.04-125.41 29.48-224.52.01-13.25-10.73-24-23.99-24zm-.86-81.73C194 164.16 151.25 211.3 152.1 265.32c.75 47.94-3.75 95.91-13.37 142.55-2.69 12.98 5.67 25.69 18.64 28.36 13.05 2.67 25.67-5.66 28.36-18.64 10.34-50.09 15.17-101.58 14.37-153.02-.41-25.95 19.92-52.49 54.45-52.34 31.31.47 57.15 25.34 57.62 55.47.77 48.05-2.81 96.33-10.61 143.55-2.17 13.06 6.69 25.42 19.76 27.58 19.97 3.33 26.81-15.1 27.58-19.77 8.28-50.03 12.06-101.21 11.27-152.11-.88-55.8-47.94-101.88-104.91-102.72zm-110.69-19.78c-10.3-8.34-25.37-6.8-33.76 3.48-25.62 31.5-39.39 71.28-38.75 112 .59 37.58-2.47 75.27-9.11 112.05-2.34 13.05 6.31 25.53 19.36 27.89 20.11 3.5 27.07-14.81 27.89-19.36 7.19-39.84 10.5-80.66 9.86-121.33-.47-29.88 9.2-57.88 28-80.97 8.35-10.28 6.79-25.39-3.49-33.76zm109.47-62.33c-15.41-.41-30.87 1.44-45.78 4.97-12.89 3.06-20.87 15.98-17.83 28.89 3.06 12.89 16 20.83 28.89 17.83 11.05-2.61 22.47-3.77 34-3.69 75.43 1.13 137.73 61.5 138.88 134.58.59 37.88-1.28 76.11-5.58 113.63-1.5 13.17 7.95 25.08 21.11 26.58 16.72 1.95 25.51-11.88 26.58-21.11a929.06 929.06 0 0 0 5.89-119.85c-1.56-98.75-85.07-180.33-186.16-181.83zm252.07 121.45c-2.86-12.92-15.51-21.2-28.61-18.27-12.94 2.86-21.12 15.66-18.26 28.61 4.71 21.41 4.91 37.41 4.7 61.6-.11 13.27 10.55 24.09 23.8 24.2h.2c13.17 0 23.89-10.61 24-23.8.18-22.18.4-44.11-5.83-72.34zm-40.12-90.72C417.29 43.46 337.6 1.29 252.81.02 183.02-.82 118.47 24.91 70.46 72.94 24.09 119.37-.9 181.04.14 246.65l-.12 21.47c-.39 13.25 10.03 24.31 23.28 24.69.23.02.48.02.72.02 12.92 0 23.59-10.3 23.97-23.3l.16-23.64c-.83-52.5 19.16-101.86 56.28-139 38.76-38.8 91.34-59.67 147.68-58.86 69.45 1.03 134.73 35.56 174.62 92.39 7.61 10.86 22.56 13.45 33.42 5.86 10.84-7.62 13.46-22.59 5.84-33.43z\"><\/path><\/svg><\/span><\/div><\/div><div class=\"timeline-item__meta\"><div class=\"timeline-item__meta-content\">2nd day in Dubai (30min)<\/div><\/div><\/div><div class=\"jet-timeline-item  elementor-repeater-item-e98830a jet-timeline-item--image-inside\">\n\t<div class=\"timeline-item__card\">\n\t\t<div class=\"timeline-item__card-inner\">\n\t\t\t\t\t\t\t\t<div class=\"timeline-item__card-content\">\n\t\t\t\t\t<div class=\"timeline-item__meta\"><div class=\"timeline-item__meta-content\">3rd day in Dubai<\/div><\/div><h5 class=\"timeline-item__card-title\">Issuance of Residence Visa (RV)<\/h5><div class=\"timeline-item__card-desc\">The temporary visa will be issued within 24 hours after we have uploaded the medical test results and the Emirates ID application.  <\/div>\t\t\t\t<\/div>\n\t\t\t\t\t\t<\/div>\n\t\t<div class=\"timeline-item__card-arrow\"><\/div>\n\t<\/div>\n\t<div class=\"timeline-item__point\"><div class=\"timeline-item__point-content timeline-item__point-content--icon\"><span class=\"jet-elements-icon\"><svg aria-hidden=\"true\" class=\"e-font-icon-svg e-fab-cc-visa\" viewbox=\"0 0 576 512\" xmlns=\"http:\/\/www.w3.org\/2000\/svg\"><path d=\"M470.1 231.3s7.6 37.2 9.3 45H446c3.3-8.9 16-43.5 16-43.5-.2.3 3.3-9.1 5.3-14.9l2.8 13.4zM576 80v352c0 26.5-21.5 48-48 48H48c-26.5 0-48-21.5-48-48V80c0-26.5 21.5-48 48-48h480c26.5 0 48 21.5 48 48zM152.5 331.2L215.7 176h-42.5l-39.3 106-4.3-21.5-14-71.4c-2.3-9.9-9.4-12.7-18.2-13.1H32.7l-.7 3.1c15.8 4 29.9 9.8 42.2 17.1l35.8 135h42.5zm94.4.2L272.1 176h-40.2l-25.1 155.4h40.1zm139.9-50.8c.2-17.7-10.6-31.2-33.7-42.3-14.1-7.1-22.7-11.9-22.7-19.2.2-6.6 7.3-13.4 23.1-13.4 13.1-.3 22.7 2.8 29.9 5.9l3.6 1.7 5.5-33.6c-7.9-3.1-20.5-6.6-36-6.6-39.7 0-67.6 21.2-67.8 51.4-.3 22.3 20 34.7 35.2 42.2 15.5 7.6 20.8 12.6 20.8 19.3-.2 10.4-12.6 15.2-24.1 15.2-16 0-24.6-2.5-37.7-8.3l-5.3-2.5-5.6 34.9c9.4 4.3 26.8 8.1 44.8 8.3 42.2.1 69.7-20.8 70-53zM528 331.4L495.6 176h-31.1c-9.6 0-16.9 2.8-21 12.9l-59.7 142.5H426s6.9-19.2 8.4-23.3H486c1.2 5.5 4.8 23.3 4.8 23.3H528z\"><\/path><\/svg><\/span><\/div><\/div><div class=\"timeline-item__meta\"><div class=\"timeline-item__meta-content\">3rd day in Dubai<\/div><\/div><\/div><div class=\"jet-timeline-item  elementor-repeater-item-8c3dab5 jet-timeline-item--image-inside\">\n\t<div class=\"timeline-item__card\">\n\t\t<div class=\"timeline-item__card-inner\">\n\t\t\t\t\t\t\t\t<div class=\"timeline-item__card-content\">\n\t\t\t\t\t<div class=\"timeline-item__meta\"><div class=\"timeline-item__meta-content\">7th day in Dubai (optional)<\/div><\/div><h5 class=\"timeline-item__card-title\">Issuance Emirates ID<\/h5><div class=\"timeline-item__card-desc\">Once all documents have been uploaded and submitted, the Emirates ID will be printed and sent to you.\n\nIf you need to leave the country earlier, we will receive the card and send it to you by courier.<\/div>\t\t\t\t<\/div>\n\t\t\t\t\t\t<\/div>\n\t\t<div class=\"timeline-item__card-arrow\"><\/div>\n\t<\/div>\n\t<div class=\"timeline-item__point\"><div class=\"timeline-item__point-content timeline-item__point-content--icon\"><span class=\"jet-elements-icon\"><svg aria-hidden=\"true\" class=\"e-font-icon-svg e-fas-id-card\" viewbox=\"0 0 576 512\" xmlns=\"http:\/\/www.w3.org\/2000\/svg\"><path d=\"M528 32H48C21.5 32 0 53.5 0 80v16h576V80c0-26.5-21.5-48-48-48zM0 432c0 26.5 21.5 48 48 48h480c26.5 0 48-21.5 48-48V128H0v304zm352-232c0-4.4 3.6-8 8-8h144c4.4 0 8 3.6 8 8v16c0 4.4-3.6 8-8 8H360c-4.4 0-8-3.6-8-8v-16zm0 64c0-4.4 3.6-8 8-8h144c4.4 0 8 3.6 8 8v16c0 4.4-3.6 8-8 8H360c-4.4 0-8-3.6-8-8v-16zm0 64c0-4.4 3.6-8 8-8h144c4.4 0 8 3.6 8 8v16c0 4.4-3.6 8-8 8H360c-4.4 0-8-3.6-8-8v-16zM176 192c35.3 0 64 28.7 64 64s-28.7 64-64 64-64-28.7-64-64 28.7-64 64-64zM67.1 396.2C75.5 370.5 99.6 352 128 352h8.2c12.3 5.1 25.7 8 39.8 8s27.6-2.9 39.8-8h8.2c28.4 0 52.5 18.5 60.9 44.2 3.2 9.9-5.2 19.8-15.6 19.8H82.7c-10.4 0-18.8-10-15.6-19.8z\"><\/path><\/svg><\/span><\/div><\/div><div class=\"timeline-item__meta\"><div class=\"timeline-item__meta-content\">7th day in Dubai (optional)<\/div><\/div><\/div><div class=\"jet-timeline-item  elementor-repeater-item-2b66b2b jet-timeline-item--image-inside\">\n\t<div class=\"timeline-item__card\">\n\t\t<div class=\"timeline-item__card-inner\">\n\t\t\t\t\t\t\t\t<div class=\"timeline-item__card-content\">\n\t\t\t\t\t<div class=\"timeline-item__meta\"><div class=\"timeline-item__meta-content\">8th day (remote)<\/div><\/div><h5 class=\"timeline-item__card-title\">Bank Account Opening<\/h5><div class=\"timeline-item__card-desc\">You can open an account remotely with Bank WIO. Simply download the app, complete the onboarding process, and your account should be open within a few hours. <br><br>\n\nIf you do not yet have a permanent address in the UAE, you can simply use the Airbnb or hotel where you are staying or most recently stayed.\n\nIt is important to provide all the required information correctly so that the account can be opened without any problems. <\/div>\t\t\t\t<\/div>\n\t\t\t\t\t\t<\/div>\n\t\t<div class=\"timeline-item__card-arrow\"><\/div>\n\t<\/div>\n\t<div class=\"timeline-item__point\"><div class=\"timeline-item__point-content timeline-item__point-content--icon\"><span class=\"jet-elements-icon\"><svg aria-hidden=\"true\" class=\"e-font-icon-svg e-fas-money-check-alt\" viewbox=\"0 0 640 512\" xmlns=\"http:\/\/www.w3.org\/2000\/svg\"><path d=\"M608 32H32C14.33 32 0 46.33 0 64v384c0 17.67 14.33 32 32 32h576c17.67 0 32-14.33 32-32V64c0-17.67-14.33-32-32-32zM176 327.88V344c0 4.42-3.58 8-8 8h-16c-4.42 0-8-3.58-8-8v-16.29c-11.29-.58-22.27-4.52-31.37-11.35-3.9-2.93-4.1-8.77-.57-12.14l11.75-11.21c2.77-2.64 6.89-2.76 10.13-.73 3.87 2.42 8.26 3.72 12.82 3.72h28.11c6.5 0 11.8-5.92 11.8-13.19 0-5.95-3.61-11.19-8.77-12.73l-45-13.5c-18.59-5.58-31.58-23.42-31.58-43.39 0-24.52 19.05-44.44 42.67-45.07V152c0-4.42 3.58-8 8-8h16c4.42 0 8 3.58 8 8v16.29c11.29.58 22.27 4.51 31.37 11.35 3.9 2.93 4.1 8.77.57 12.14l-11.75 11.21c-2.77 2.64-6.89 2.76-10.13.73-3.87-2.43-8.26-3.72-12.82-3.72h-28.11c-6.5 0-11.8 5.92-11.8 13.19 0 5.95 3.61 11.19 8.77 12.73l45 13.5c18.59 5.58 31.58 23.42 31.58 43.39 0 24.53-19.05 44.44-42.67 45.07zM416 312c0 4.42-3.58 8-8 8H296c-4.42 0-8-3.58-8-8v-16c0-4.42 3.58-8 8-8h112c4.42 0 8 3.58 8 8v16zm160 0c0 4.42-3.58 8-8 8h-80c-4.42 0-8-3.58-8-8v-16c0-4.42 3.58-8 8-8h80c4.42 0 8 3.58 8 8v16zm0-96c0 4.42-3.58 8-8 8H296c-4.42 0-8-3.58-8-8v-16c0-4.42 3.58-8 8-8h272c4.42 0 8 3.58 8 8v16z\"><\/path><\/svg><\/span><\/div><\/div><div class=\"timeline-item__meta\"><div class=\"timeline-item__meta-content\">8th day (remote)<\/div><\/div><\/div><div class=\"jet-timeline-item  elementor-repeater-item-5cd11e0 jet-timeline-item--image-inside\">\n\t<div class=\"timeline-item__card\">\n\t\t<div class=\"timeline-item__card-inner\">\n\t\t\t\t\t\t\t\t<div class=\"timeline-item__card-content\">\n\t\t\t\t\t<div class=\"timeline-item__meta\"><div class=\"timeline-item__meta-content\">8th day (remote)<\/div><\/div><h5 class=\"timeline-item__card-title\">Corporate Tax Registration<\/h5><div class=\"timeline-item__card-desc\">Our partner law firm, with Dirk as the contact person, handles tax registration, ongoing accounting, and annual financial statements.<\/div>\t\t\t\t<\/div>\n\t\t\t\t\t\t<\/div>\n\t\t<div class=\"timeline-item__card-arrow\"><\/div>\n\t<\/div>\n\t<div class=\"timeline-item__point\"><div class=\"timeline-item__point-content timeline-item__point-content--icon\"><span class=\"jet-elements-icon\"><svg aria-hidden=\"true\" class=\"e-font-icon-svg e-fas-calculator\" viewbox=\"0 0 448 512\" xmlns=\"http:\/\/www.w3.org\/2000\/svg\"><path d=\"M400 0H48C22.4 0 0 22.4 0 48v416c0 25.6 22.4 48 48 48h352c25.6 0 48-22.4 48-48V48c0-25.6-22.4-48-48-48zM128 435.2c0 6.4-6.4 12.8-12.8 12.8H76.8c-6.4 0-12.8-6.4-12.8-12.8v-38.4c0-6.4 6.4-12.8 12.8-12.8h38.4c6.4 0 12.8 6.4 12.8 12.8v38.4zm0-128c0 6.4-6.4 12.8-12.8 12.8H76.8c-6.4 0-12.8-6.4-12.8-12.8v-38.4c0-6.4 6.4-12.8 12.8-12.8h38.4c6.4 0 12.8 6.4 12.8 12.8v38.4zm128 128c0 6.4-6.4 12.8-12.8 12.8h-38.4c-6.4 0-12.8-6.4-12.8-12.8v-38.4c0-6.4 6.4-12.8 12.8-12.8h38.4c6.4 0 12.8 6.4 12.8 12.8v38.4zm0-128c0 6.4-6.4 12.8-12.8 12.8h-38.4c-6.4 0-12.8-6.4-12.8-12.8v-38.4c0-6.4 6.4-12.8 12.8-12.8h38.4c6.4 0 12.8 6.4 12.8 12.8v38.4zm128 128c0 6.4-6.4 12.8-12.8 12.8h-38.4c-6.4 0-12.8-6.4-12.8-12.8V268.8c0-6.4 6.4-12.8 12.8-12.8h38.4c6.4 0 12.8 6.4 12.8 12.8v166.4zm0-256c0 6.4-6.4 12.8-12.8 12.8H76.8c-6.4 0-12.8-6.4-12.8-12.8V76.8C64 70.4 70.4 64 76.8 64h294.4c6.4 0 12.8 6.4 12.8 12.8v102.4z\"><\/path><\/svg><\/span><\/div><\/div><div class=\"timeline-item__meta\"><div class=\"timeline-item__meta-content\">8th day (remote)<\/div><\/div><\/div><div class=\"jet-timeline-item  elementor-repeater-item-9249c7f jet-timeline-item--image-inside\">\n\t<div class=\"timeline-item__card\">\n\t\t<div class=\"timeline-item__card-inner\">\n\t\t\t\t\t\t\t\t<div class=\"timeline-item__card-content\">\n\t\t\t\t\t<div class=\"timeline-item__meta\"><div class=\"timeline-item__meta-content\">8th day (remote)<\/div><\/div><h5 class=\"timeline-item__card-title\">UAE ICP &amp; UAE PASS<\/h5><div class=\"timeline-item__card-desc\">Download both apps, UAE ICP and UAE PASS. <br><br>UAE ICP h\u00e4lt deine digitale Emirates ID und dein Residence VISA. Somit hast du es immer am Handy.\n\n<br> <br> UAE PASS is a digital authentication app that is required for a wide range of official verifications. <\/div>\t\t\t\t<\/div>\n\t\t\t\t\t\t<\/div>\n\t\t<div class=\"timeline-item__card-arrow\"><\/div>\n\t<\/div>\n\t<div class=\"timeline-item__point\"><div class=\"timeline-item__point-content timeline-item__point-content--icon\"><span class=\"jet-elements-icon\"><svg aria-hidden=\"true\" class=\"e-font-icon-svg e-fas-mobile-alt\" viewbox=\"0 0 320 512\" xmlns=\"http:\/\/www.w3.org\/2000\/svg\"><path d=\"M272 0H48C21.5 0 0 21.5 0 48v416c0 26.5 21.5 48 48 48h224c26.5 0 48-21.5 48-48V48c0-26.5-21.5-48-48-48zM160 480c-17.7 0-32-14.3-32-32s14.3-32 32-32 32 14.3 32 32-14.3 32-32 32zm112-108c0 6.6-5.4 12-12 12H60c-6.6 0-12-5.4-12-12V60c0-6.6 5.4-12 12-12h200c6.6 0 12 5.4 12 12v312z\"><\/path><\/svg><\/span><\/div><\/div><div class=\"timeline-item__meta\"><div class=\"timeline-item__meta-content\">8th day (remote)<\/div><\/div><\/div><\/div><\/div><\/div>\t\t\t\t<\/div>\n\t\t\t\t<\/div>\n\t\t\t\t\t<\/div>\n\t\t\t\t<\/div>\n\t\t\t\t<\/div>","protected":false},"excerpt":{"rendered":"<p>Ablauf Gr\u00fcndungsformular 3-4 Werktage Firmengr\u00fcndung Die Firmengr\u00fcndung geschieht vollkommen remote, nachdem das Gr\u00fcndungsformular via Google ausgef\u00fcllt wurde. Bitte genau ausf\u00fcllen, damit es nicht zu Verz\u00f6gerungen kommt. (z.B. unscharfes Passfoto statt klare Fotokopie) 3-4 Werktage 3 Werktage EVISA Nach Gr\u00fcndung und Unterzeichnung der Shareholder Resolution, MOA und Employment Contract, erh\u00e4lt man das E-VISA welches man zur [&hellip;]<\/p>\n","protected":false},"author":1,"featured_media":0,"parent":0,"menu_order":0,"comment_status":"closed","ping_status":"closed","template":"elementor_header_footer","meta":{"_acf_changed":false,"_seopress_robots_primary_cat":"","_seopress_titles_title":"","_seopress_titles_desc":"","_seopress_robots_index":"","footnotes":""},"class_list":["post-32878","page","type-page","status-publish","hentry"],"acf":[],"_links":{"self":[{"href":"https:\/\/dubaisetup.co\/en\/wp-json\/wp\/v2\/pages\/32878","targetHints":{"allow":["GET"]}}],"collection":[{"href":"https:\/\/dubaisetup.co\/en\/wp-json\/wp\/v2\/pages"}],"about":[{"href":"https:\/\/dubaisetup.co\/en\/wp-json\/wp\/v2\/types\/page"}],"author":[{"embeddable":true,"href":"https:\/\/dubaisetup.co\/en\/wp-json\/wp\/v2\/users\/1"}],"replies":[{"embeddable":true,"href":"https:\/\/dubaisetup.co\/en\/wp-json\/wp\/v2\/comments?post=32878"}],"version-history":[{"count":113,"href":"https:\/\/dubaisetup.co\/en\/wp-json\/wp\/v2\/pages\/32878\/revisions"}],"predecessor-version":[{"id":33067,"href":"https:\/\/dubaisetup.co\/en\/wp-json\/wp\/v2\/pages\/32878\/revisions\/33067"}],"wp:attachment":[{"href":"https:\/\/dubaisetup.co\/en\/wp-json\/wp\/v2\/media?parent=32878"}],"curies":[{"name":"wp","href":"https:\/\/api.w.org\/{rel}","templated":true}]}}