{"id":27614,"date":"2025-08-14T08:47:34","date_gmt":"2025-08-14T08:47:34","guid":{"rendered":"https:\/\/dubaisetup.co\/?page_id=27614"},"modified":"2026-01-08T07:55:56","modified_gmt":"2026-01-08T07:55:56","slug":"imprint","status":"publish","type":"page","link":"https:\/\/dubaisetup.co\/en\/impressum","title":{"rendered":"Imprint"},"content":{"rendered":"<div data-elementor-type=\"wp-page\" data-elementor-id=\"27614\" class=\"elementor elementor-27614\" data-elementor-post-type=\"page\">\n\t\t\t\t<div class=\"elementor-element elementor-element-ef7ed54 e-flex e-con-boxed e-con e-parent\" data-id=\"ef7ed54\" data-element_type=\"container\" data-e-type=\"container\" data-settings=\"{&quot;jet_parallax_layout_list&quot;:[]}\">\n\t\t\t\t\t<div class=\"e-con-inner\">\n\t\t\t\t<div class=\"elementor-element elementor-element-08e8f33 elementor-widget elementor-widget-text-editor\" data-id=\"08e8f33\" data-element_type=\"widget\" data-e-type=\"widget\" data-widget_type=\"text-editor.default\">\n\t\t\t\t\t\t\t\t\t<h2 data-start=\"381\" data-end=\"393\">Imprint<\/h2><p data-start=\"395\" data-end=\"420\"><strong data-start=\"395\" data-end=\"420\">Information according to \u00a7 5 TMG<\/strong><\/p><p data-start=\"422\" data-end=\"506\">Dubai Setup LLC<\/p><p><strong>Office<\/strong><\/p><p>Central Park Towers Offices, #1644<br \/>DIFC, Dubai <br \/>United Arab Emirates<\/p><p><strong data-start=\"587\" data-end=\"599\">Contact<\/strong><br data-start=\"635\" data-end=\"638\" \/>E-mail: office(@)dubaisetup.co<br data-start=\"671\" data-end=\"674\" \/>Web: <a class=\"\" href=\"https:\/\/dubaisetup.co\" target=\"_new\" rel=\"noopener\" data-start=\"679\" data-end=\"725\">https:\/\/dubaisetup.co<\/a><\/p><p data-start=\"587\" data-end=\"727\"><strong>Design &amp; Development<\/strong><\/p><p data-start=\"587\" data-end=\"727\"><a href=\"https:\/\/elementrix.co\" target=\"_blank\" rel=\"noopener\">https:\/\/elementrix.co<\/a><\/p><hr data-start=\"905\" data-end=\"908\" \/><h3 data-start=\"910\" data-end=\"932\">Disclaimer<\/h3><p data-start=\"934\" data-end=\"1133\"><strong data-start=\"934\" data-end=\"957\">Liability for content<\/strong><br data-start=\"957\" data-end=\"960\" \/>The contents of our pages have been created with the greatest care. However, we cannot accept any liability for the accuracy, completeness and up-to-dateness of the content.<\/p><p data-start=\"1135\" data-end=\"1453\"><strong data-start=\"1135\" data-end=\"1156\">Liability for links<\/strong><br data-start=\"1156\" data-end=\"1159\" \/>Our website contains links to external third-party websites over whose content we have no influence. Therefore, we cannot accept any liability for this third-party content. The respective provider or operator of the pages is always responsible for the content of the linked pages.<\/p><p data-start=\"1455\" data-end=\"1770\"><strong data-start=\"1455\" data-end=\"1471\">Copyright<\/strong><br data-start=\"1471\" data-end=\"1474\" \/>The content and works created by the site operators on these pages are subject to copyright. Duplication, processing, distribution and any form of commercialization of such material beyond the scope of the copyright law shall require the prior written consent of its respective author or creator.<\/p>\t\t\t\t\t\t\t\t<\/div>\n\t\t\t\t\t<\/div>\n\t\t\t\t<\/div>\n\t\t\t\t<\/div>","protected":false},"excerpt":{"rendered":"<p>Impressum Angaben gem\u00e4\u00df \u00a7 5 TMG Dubai Setup LLC Office Central Park Towers Offices, #1644DIFC, Dubai Vereinigte Arabische Emirate KontaktE-Mail: office(@)dubaisetup.coWeb: https:\/\/dubaisetup.co Design &amp; Development https:\/\/elementrix.co Haftungsausschluss Haftung f\u00fcr InhalteDie Inhalte unserer Seiten wurden mit gr\u00f6\u00dfter Sorgfalt erstellt. F\u00fcr die Richtigkeit, Vollst\u00e4ndigkeit und Aktualit\u00e4t der Inhalte k\u00f6nnen wir jedoch keine Gew\u00e4hr \u00fcbernehmen. Haftung f\u00fcr LinksUnsere [&hellip;]<\/p>\n","protected":false},"author":1,"featured_media":0,"parent":0,"menu_order":0,"comment_status":"closed","ping_status":"closed","template":"elementor_header_footer","meta":{"_acf_changed":false,"_seopress_robots_primary_cat":"","_seopress_titles_title":"Impressum von Dubai Setup","_seopress_titles_desc":"Alle Informationen zum Betreiber und Inhaber der Seite dubaisetup.co.","_seopress_robots_index":"yes","footnotes":""},"class_list":["post-27614","page","type-page","status-publish","hentry"],"acf":[],"_links":{"self":[{"href":"https:\/\/dubaisetup.co\/en\/wp-json\/wp\/v2\/pages\/27614","targetHints":{"allow":["GET"]}}],"collection":[{"href":"https:\/\/dubaisetup.co\/en\/wp-json\/wp\/v2\/pages"}],"about":[{"href":"https:\/\/dubaisetup.co\/en\/wp-json\/wp\/v2\/types\/page"}],"author":[{"embeddable":true,"href":"https:\/\/dubaisetup.co\/en\/wp-json\/wp\/v2\/users\/1"}],"replies":[{"embeddable":true,"href":"https:\/\/dubaisetup.co\/en\/wp-json\/wp\/v2\/comments?post=27614"}],"version-history":[{"count":38,"href":"https:\/\/dubaisetup.co\/en\/wp-json\/wp\/v2\/pages\/27614\/revisions"}],"predecessor-version":[{"id":32205,"href":"https:\/\/dubaisetup.co\/en\/wp-json\/wp\/v2\/pages\/27614\/revisions\/32205"}],"wp:attachment":[{"href":"https:\/\/dubaisetup.co\/en\/wp-json\/wp\/v2\/media?parent=27614"}],"curies":[{"name":"wp","href":"https:\/\/api.w.org\/{rel}","templated":true}]}}